{"id":10092,"date":"2026-04-24T16:05:00","date_gmt":"2026-04-24T21:05:00","guid":{"rendered":"https:\/\/salud.quito.gob.ec\/?page_id=10092"},"modified":"2026-04-24T17:06:41","modified_gmt":"2026-04-24T22:06:41","slug":"rendicion-de-cuentas-umsn-2025","status":"publish","type":"page","link":"https:\/\/salud.quito.gob.ec\/?page_id=10092","title":{"rendered":"RENDICI\u00d3N DE CUENTAS UMSN 2025"},"content":{"rendered":"\t\t<div data-elementor-type=\"wp-page\" data-elementor-id=\"10092\" class=\"elementor elementor-10092\" data-elementor-post-type=\"page\">\n\t\t\t\t<div class=\"elementor-element elementor-element-441ab654 e-flex e-con-boxed e-con e-parent\" data-id=\"441ab654\" data-element_type=\"container\" data-e-type=\"container\">\n\t\t\t\t\t<div class=\"e-con-inner\">\n\t\t\t\t<div class=\"elementor-element elementor-element-6c6b95c3 elementor-widget elementor-widget-shortcode\" data-id=\"6c6b95c3\" data-element_type=\"widget\" data-e-type=\"widget\" data-widget_type=\"shortcode.default\">\n\t\t\t\t<div class=\"elementor-widget-container\">\n\t\t\t\t\t\t\t<div class=\"elementor-shortcode\">\t\t\t<!-- Flexy Breadcrumb -->\r\n\t\t\t<div class=\"fbc fbc-page\">\r\n\r\n\t\t\t\t<!-- Breadcrumb wrapper -->\r\n\t\t\t\t<div class=\"fbc-wrap\">\r\n\r\n\t\t\t\t\t<!-- Ordered list-->\r\n\t\t\t\t\t<ol class=\"fbc-items\" itemscope itemtype=\"https:\/\/schema.org\/BreadcrumbList\">\r\n\t\t\t\t\t\t            <li itemprop=\"itemListElement\" itemscope itemtype=\"https:\/\/schema.org\/ListItem\">\r\n                <span itemprop=\"name\">\r\n                    <!-- Home Link -->\r\n                    <a itemprop=\"item\" href=\"https:\/\/salud.quito.gob.ec\">\r\n                    \r\n                                                    <i class=\"fa fa-home\" aria-hidden=\"true\"><\/i>Home                    <\/a>\r\n                <\/span>\r\n                <meta itemprop=\"position\" content=\"1\" \/><!-- Meta Position-->\r\n             <\/li><li><span class=\"fbc-separator\">\/<\/span><\/li><li class=\"active\" itemprop=\"itemListElement\" itemscope itemtype=\"https:\/\/schema.org\/ListItem\"><span itemprop=\"name\" title=\"RENDICI\u00d3N DE CUENTAS UMSN 2025\">RENDICI\u00d3N DE CUENTAS UMSN...<\/span><meta itemprop=\"position\" content=\"2\" \/><\/li>\t\t\t\t\t<\/ol>\r\n\t\t\t\t\t<div class=\"clearfix\"><\/div>\r\n\t\t\t\t<\/div>\r\n\t\t\t<\/div>\r\n\t\t\t<\/div>\n\t\t\t\t\t\t<\/div>\n\t\t\t\t<\/div>\n\t\t\t\t<div class=\"elementor-element elementor-element-3032f9b elementor-widget elementor-widget-html\" data-id=\"3032f9b\" data-element_type=\"widget\" data-e-type=\"widget\" data-widget_type=\"html.default\">\n\t\t\t\t<div class=\"elementor-widget-container\">\n\t\t\t\t\t<div class=\"banner-salud\">\r\n  <img decoding=\"async\" \r\n    src=\"https:\/\/salud.quito.gob.ec\/wp-content\/uploads\/2026\/04\/Unidad-metropolitana-Salud-Norte-scaled.png\" \r\n    alt=\"Unidad Metropolitana de Salud Norte\">\r\n<\/div>\r\n\r\n<style>\r\n  .banner-salud {\r\n    width: 100%;\r\n    margin: 0 auto;\r\n    overflow: hidden;\r\n    border-radius: 14px;\r\n  }\r\n\r\n  .banner-salud img {\r\n    width: 100%;\r\n    height: auto;\r\n    display: block;\r\n    object-fit: cover;\r\n  }\r\n<\/style>\t\t\t\t<\/div>\n\t\t\t\t<\/div>\n\t\t\t\t\t<\/div>\n\t\t\t\t<\/div>\n\t\t<div class=\"elementor-element elementor-element-53d51bd e-flex e-con-boxed e-con e-parent\" data-id=\"53d51bd\" data-element_type=\"container\" data-e-type=\"container\">\n\t\t\t\t\t<div class=\"e-con-inner\">\n\t\t\t\t<div class=\"elementor-element elementor-element-ef8fe8d elementor-widget elementor-widget-html\" data-id=\"ef8fe8d\" data-element_type=\"widget\" data-e-type=\"widget\" data-widget_type=\"html.default\">\n\t\t\t\t<div class=\"elementor-widget-container\">\n\t\t\t\t\t<style>\r\n  .rdc-wrap{\r\n    font-family: Arial, sans-serif;\r\n    width: 100%;\r\n    overflow-x: auto;\r\n    color:#1f2d3d;\r\n  }\r\n\r\n  .rdc-table{\r\n    width: 100%;\r\n    min-width: 1100px;\r\n    border-collapse: collapse;\r\n    table-layout: fixed;\r\n    background: #fff;\r\n    border: 1px solid #d9e1ea;\r\n  }\r\n\r\n  .rdc-table th,\r\n  .rdc-table td{\r\n    border: 1px solid #d9e1ea;\r\n    padding: 12px 16px;\r\n    vertical-align: middle;\r\n    font-size: 15px;\r\n    line-height: 1.45;\r\n    word-wrap: break-word;\r\n  }\r\n\r\n  .rdc-phase{\r\n    background: #20347d;\r\n    color: #fff;\r\n    font-weight: 700;\r\n    text-transform: uppercase;\r\n    font-size: 22px;\r\n    text-align: left;\r\n    padding: 14px 16px !important;\r\n  }\r\n\r\n  .rdc-subhead{\r\n    background: #d8e2ef;\r\n    color: #0f2d5c;\r\n    font-weight: 700;\r\n    text-align: left;\r\n  }\r\n\r\n  .col-cumplimiento{ width: 43%; }\r\n  .col-respaldo{ width: 37%; }\r\n  .col-enlace{ width: 20%; }\r\n\r\n  .btn-group{\r\n    display: flex;\r\n    flex-wrap: wrap;\r\n    gap: 8px;\r\n  }\r\n\r\n  .btn-rdc{\r\n    display: inline-block;\r\n    padding: 8px 12px;\r\n    border-radius: 6px;\r\n    text-decoration: none;\r\n    font-size: 13px;\r\n    font-weight: 700;\r\n    transition: .2s ease;\r\n    text-align: center;\r\n    min-width: 105px;\r\n  }\r\n\r\n  .btn-preview{\r\n    background: #164582;\r\n    color: #fff !important;\r\n  }\r\n\r\n  .btn-preview:hover{\r\n    background: #1e5aa8;\r\n  }\r\n\r\n  .btn-download{\r\n    background: #e8eef8;\r\n    color: #1e5aa8 !important;\r\n    border: 1px solid #1e5aa8;\r\n  }\r\n\r\n  .btn-download:hover{\r\n    background: #dbe6f7;\r\n  }\r\n\r\n  .rdc-note{\r\n    color: #4a5568;\r\n    font-size: 13px;\r\n    margin-top: 5px;\r\n  }\r\n\r\n  .rdc-list{\r\n    margin: 0;\r\n    padding-left: 18px;\r\n  }\r\n\r\n  .rdc-list li{\r\n    margin-bottom: 4px;\r\n  }\r\n\r\n  @media (max-width: 768px){\r\n    .rdc-table th,\r\n    .rdc-table td{\r\n      font-size: 14px;\r\n      padding: 10px 12px;\r\n    }\r\n\r\n    .rdc-phase{\r\n      font-size: 18px;\r\n    }\r\n\r\n    .btn-rdc{\r\n      min-width: auto;\r\n      width: 100%;\r\n    }\r\n\r\n    .btn-group{\r\n      flex-direction: column;\r\n    }\r\n  }\r\n<\/style>\r\n\r\n<div class=\"rdc-wrap\">\r\n  <table class=\"rdc-table\">\r\n    \r\n    <!-- DATOS GENERALES -->\r\n    <tr>\r\n      <td><strong>Instituci\u00f3n:<\/strong><\/td>\r\n      <td colspan=\"2\">UNIDAD METROPOLITANA DE SALUD NORTE<\/td>\r\n    <\/tr>\r\n    <tr>\r\n      <td><strong>Registro \u00danico de Contribuyente (RUC):<\/strong><\/td>\r\n      <td colspan=\"2\">1760003410001<\/td>\r\n    <\/tr>\r\n    <tr>\r\n      <td><strong>Per\u00edodo de rendici\u00f3n de cuentas:<\/strong><\/td>\r\n      <td colspan=\"2\">1 de enero al 31 de diciembre de 2025<\/td>\r\n    <\/tr>\r\n    <tr>\r\n      <td><strong>Cargo y nombre de representante legal de la Entidad:<\/strong><\/td>\r\n      <td colspan=\"2\">Directora, Dra. Cecilia del Rocio Tamayo Jaramillo<\/td>\r\n    <\/tr>\r\n    <tr>\r\n      <td><strong>Equipo interno encargado de la RDC (2025):<\/strong><\/td>\r\n      <td colspan=\"2\">\r\n        Director de Planificaci\u00f3n y Procesos, Francisco Moreno<br>\r\n        Jefatura Administrativa Financiera, Clarita Herrera<br>\r\n        Jefatura T\u00e9cnica M\u00e9dica, Evelin Chavez<br>\r\n        Responsable Promoci\u00f3n de la Salud, Abraham Tulcanazo<br>\r\n      <\/td>\r\n    <\/tr>\r\n    <tr>\r\n      <td><strong>Funci\u00f3n a la que pertenece:<\/strong><\/td>\r\n      <td colspan=\"2\">Gobierno Aut\u00f3nomo Descentralizado del Distrito Metropolitano de Quito<\/td>\r\n    <\/tr>\r\n\r\n    <!-- FASE 1 -->\r\n    <tr>\r\n      <th colspan=\"3\" class=\"rdc-phase\">FASE 1: PLANIFICACI\u00d3N Y FACILITACI\u00d3N DEL PROCESO DESDE LA ASAMBLEA LOCAL CIUDADANA<\/th>\r\n    <\/tr>\r\n    <tr class=\"rdc-subhead\">\r\n      <th class=\"col-cumplimiento\">Cumplimiento Fase 1<\/th>\r\n      <th class=\"col-respaldo\">Respaldo<\/th>\r\n      <th class=\"col-enlace\">Enlace para acceder al respaldo<\/th>\r\n    <\/tr>\r\n\r\n    <tr>\r\n      <td rowspan=\"5\">Documentos de la instituci\u00f3n<\/td>\r\n      <td>Plan Metropolitano de Desarrollo PMDOT<\/td>\r\n      <td>\r\n        <div class=\"btn-group\">\r\n          <a href=\"https:\/\/salud.quito.gob.ec\/wp-content\/uploads\/2026\/04\/1.1.PMDOT_2024_2033.pdf\" target=\"_blank\" class=\"btn-rdc btn-preview\">Vista previa<\/a>\r\n          <a href=\"https:\/\/salud.quito.gob.ec\/wp-content\/uploads\/2026\/04\/1.1.PMDOT_2024_2033.pdf\" download class=\"btn-rdc btn-download\">Descarga<\/a>\r\n        <\/div>\r\n      <\/td>\r\n    <\/tr>\r\n    <tr>\r\n      <td>Plan Operativo Anual (POA inicial y cierre)<\/td>\r\n      <td>\r\n        <div class=\"btn-group\">\r\n          <a href=\"https:\/\/salud.quito.gob.ec\/wp-content\/uploads\/2026\/04\/POA-INICIAL-Y-CIERRE.pdf\" target=\"_blank\" class=\"btn-rdc btn-preview\">Vista previa<\/a>\r\n          <a href=\"https:\/\/salud.quito.gob.ec\/wp-content\/uploads\/2026\/04\/POA-INICIAL-Y-CIERRE.pdf\" download class=\"btn-rdc btn-download\">Descarga<\/a>\r\n        <\/div>\r\n      <\/td>\r\n    <\/tr>\r\n    <tr>\r\n      <td>Presupuesto institucional (inicial y cierre)<\/td>\r\n      <td>\r\n        <div class=\"btn-group\">\r\n          <a href=\"https:\/\/salud.quito.gob.ec\/wp-content\/uploads\/2026\/04\/pRESUPUESTO-iNICIAL-Y-CIERRE.pdf\" target=\"_blank\" class=\"btn-rdc btn-preview\">Vista previa<\/a>\r\n          <a href=\"https:\/\/salud.quito.gob.ec\/wp-content\/uploads\/2026\/04\/pRESUPUESTO-iNICIAL-Y-CIERRE.pdf\" download class=\"btn-rdc btn-download\">Descarga<\/a>\r\n        <\/div>\r\n      <\/td>\r\n    <\/tr>\r\n    <tr>\r\n      <td>Oferta de campa\u00f1a (CNE) Alcalde<\/td>\r\n      <td>\r\n        <div class=\"btn-group\">\r\n          <a href=\"https:\/\/salud.quito.gob.ec\/wp-content\/uploads\/2026\/04\/1.6.Plan-de-campana-Alcalde.pdf\" target=\"_blank\" class=\"btn-rdc btn-preview\">Vista previa<\/a>\r\n          <a href=\"https:\/\/salud.quito.gob.ec\/wp-content\/uploads\/2026\/04\/1.6.Plan-de-campana-Alcalde.pdf\" download class=\"btn-rdc btn-download\">Descarga<\/a>\r\n        <\/div>\r\n      <\/td>\r\n    <\/tr>\r\n    <tr>\r\n      <td>Competencias de la instituci\u00f3n<\/td>\r\n      <td>\r\n        <div class=\"btn-group\">\r\n          <a href=\"https:\/\/salud.quito.gob.ec\/wp-content\/uploads\/2026\/04\/1.7.Listado_de_Competencias.pdf\" target=\"_blank\" class=\"btn-rdc btn-preview\">Vista previa<\/a>\r\n          <a href=\"https:\/\/salud.quito.gob.ec\/wp-content\/uploads\/2026\/04\/1.7.Listado_de_Competencias.pdf\" download class=\"btn-rdc btn-download\">Descarga<\/a>\r\n        <\/div>\r\n      <\/td>\r\n    <\/tr>\r\n\r\n    <tr>\r\n      <td rowspan=\"2\">Sustento de la recepci\u00f3n del listado de temas sobre los cuales la ciudadan\u00eda solicita que se rinda cuentas<\/td>\r\n      <td>Convocatoria ciudadana (consulta de temas)<\/td>\r\n      <td>\r\n        <div class=\"btn-group\">\r\n          <a href=\"https:\/\/salud.quito.gob.ec\/wp-content\/uploads\/2026\/04\/CONVOCATORIA-CIUDADANA.pdf\" target=\"_blank\" class=\"btn-rdc btn-preview\">Vista previa<\/a>\r\n          <a href=\"https:\/\/salud.quito.gob.ec\/wp-content\/uploads\/2026\/04\/CONVOCATORIA-CIUDADANA.pdf\" download class=\"btn-rdc btn-download\">Descarga<\/a>\r\n        <\/div>\r\n      <\/td>\r\n    <\/tr>\r\n    <tr>\r\n      <td>Acta de la reuni\u00f3n de consulta a la ciudadan\u00eda<br>Listado de temas entregados a la instituci\u00f3n<\/td>\r\n      <td>\r\n        <div class=\"btn-group\">\r\n          <a href=\"https:\/\/salud.quito.gob.ec\/wp-content\/uploads\/2026\/04\/Acta_y_temas_Ciudadania.pdf\" target=\"_blank\" class=\"btn-rdc btn-preview\">Vista previa<\/a>\r\n          <a href=\"https:\/\/salud.quito.gob.ec\/wp-content\/uploads\/2026\/04\/Acta_y_temas_Ciudadania.pdf\" download class=\"btn-rdc btn-download\">Descarga<\/a>\r\n        <\/div>\r\n      <\/td>\r\n    <\/tr>\r\n\r\n    <tr>\r\n      <td>Sustento de la conformaci\u00f3n del equipo t\u00e9cnico mixto para organizar y facilitar el proceso de rendici\u00f3n de cuentas<\/td>\r\n      <td>Acta de conformaci\u00f3n del Equipo t\u00e9cnico mixto<\/td>\r\n      <td>\r\n        <div class=\"btn-group\">\r\n          <a href=\"https:\/\/salud.quito.gob.ec\/wp-content\/uploads\/2026\/04\/ACTAS-COMISION-MIXTA.pdf\" target=\"_blank\" class=\"btn-rdc btn-preview\">Vista previa<\/a>\r\n          <a href=\"https:\/\/salud.quito.gob.ec\/wp-content\/uploads\/2026\/04\/ACTAS-COMISION-MIXTA.pdf\" download class=\"btn-rdc btn-download\">Descarga<\/a>\r\n        <\/div>\r\n      <\/td>\r\n    <\/tr>\r\n\r\n    <!-- FASE 2 -->\r\n    <tr>\r\n      <th colspan=\"3\" class=\"rdc-phase\">FASE 2 - ELABORACI\u00d3N DEL INFORME DE RENDICI\u00d3N DE CUENTAS<\/th>\r\n    <\/tr>\r\n    <tr class=\"rdc-subhead\">\r\n      <th>Cumplimiento Fase 2<\/th>\r\n      <th>Respaldo<\/th>\r\n      <th>Enlace para acceder al respaldo<\/th>\r\n    <\/tr>\r\n\r\n    <tr>\r\n      <td rowspan=\"5\">\r\n        Sustento de la entrega del informe preliminar y formulario de rendici\u00f3n de cuentas institucional con 10 d\u00edas t\u00e9rmino de antelaci\u00f3n a la deliberaci\u00f3n p\u00fablica a la Asamblea Local Ciudadana o quien haga sus veces\r\n      <\/td>\r\n      <td>Actas de reuniones de la Comisi\u00f3n mixta 1 (encargada de la elaboraci\u00f3n del informe)<\/td>\r\n      <td>\r\n        <div class=\"btn-group\">\r\n          <a href=\"#\" target=\"_blank\" class=\"btn-rdc btn-preview\">Vista previa<\/a>\r\n          <a href=\"#\" download class=\"btn-rdc btn-download\">Descarga<\/a>\r\n        <\/div>\r\n      <\/td>\r\n    <\/tr>\r\n    <tr>\r\n      <td>Informe de RDC aprobado por la m\u00e1xima autoridad de la entidad<\/td>\r\n      <td>\r\n        <div class=\"btn-group\">\r\n          <a href=\"#\" target=\"_blank\" class=\"btn-rdc btn-preview\">Vista previa<\/a>\r\n          <a href=\"#\" download class=\"btn-rdc btn-download\">Descarga<\/a>\r\n        <\/div>\r\n      <\/td>\r\n    <\/tr>\r\n    <tr>\r\n      <td>Formulario RDC preliminar (Excel con v\u00ednculos habilitados)<\/td>\r\n      <td>\r\n        <div class=\"btn-group\">\r\n          <a href=\"#\" target=\"_blank\" class=\"btn-rdc btn-preview\">Vista previa<\/a>\r\n          <a href=\"#\" download class=\"btn-rdc btn-download\">Descarga<\/a>\r\n        <\/div>\r\n      <\/td>\r\n    <\/tr>\r\n    <tr>\r\n      <td>Aprobaci\u00f3n del informe por parte de la m\u00e1xima autoridad de la instituci\u00f3n<\/td>\r\n      <td>\r\n        <div class=\"btn-group\">\r\n          <a href=\"#\" target=\"_blank\" class=\"btn-rdc btn-preview\">Vista previa<\/a>\r\n          <a href=\"#\" download class=\"btn-rdc btn-download\">Descarga<\/a>\r\n        <\/div>\r\n      <\/td>\r\n    <\/tr>\r\n    <tr>\r\n      <td>Acta de entrega previa del informe a la Asamblea Local o quien haga sus veces (representantes ciudadan\u00eda)<\/td>\r\n      <td>\r\n        <div class=\"btn-group\">\r\n          <a href=\"#\" target=\"_blank\" class=\"btn-rdc btn-preview\">Vista previa<\/a>\r\n          <a href=\"#\" download class=\"btn-rdc btn-download\">Descarga<\/a>\r\n        <\/div>\r\n      <\/td>\r\n    <\/tr>\r\n\r\n    <tr>\r\n      <td>&nbsp;<\/td>\r\n      <td>Actas de reuniones de la Comisi\u00f3n mixta 2 (encargada del evento de deliberaci\u00f3n p\u00fablica)<\/td>\r\n      <td>\r\n        <div class=\"btn-group\">\r\n          <a href=\"#\" target=\"_blank\" class=\"btn-rdc btn-preview\">Vista previa<\/a>\r\n          <a href=\"#\" download class=\"btn-rdc btn-download\">Descarga<\/a>\r\n        <\/div>\r\n      <\/td>\r\n    <\/tr>\r\n\r\n    <!-- FASE 3 -->\r\n    <tr>\r\n      <th colspan=\"3\" class=\"rdc-phase\">FASE 3 - DELIBERACI\u00d3N P\u00daBLICA Y EVALUACI\u00d3N CIUDADANA<\/th>\r\n    <\/tr>\r\n    <tr class=\"rdc-subhead\">\r\n      <th>Cumplimiento Fase 3<\/th>\r\n      <th>Respaldo<\/th>\r\n      <th>Enlace para acceder al respaldo<\/th>\r\n    <\/tr>\r\n\r\n    <tr>\r\n      <td rowspan=\"2\">Sustento de la difusi\u00f3n del informe de RDC y la convocatoria al evento deliberativo<\/td>\r\n      <td>Evidencia de la difusi\u00f3n previa del informe de RDC aprobado<\/td>\r\n      <td>\r\n        <div class=\"btn-group\">\r\n          <a href=\"#\" target=\"_blank\" class=\"btn-rdc btn-preview\">Vista previa<\/a>\r\n          <a href=\"#\" download class=\"btn-rdc btn-download\">Descarga<\/a>\r\n        <\/div>\r\n      <\/td>\r\n    <\/tr>\r\n    <tr>\r\n      <td>Convocatoria a la deliberaci\u00f3n p\u00fablica y evaluaci\u00f3n ciudadana<\/td>\r\n      <td>\r\n        <div class=\"btn-group\">\r\n          <a href=\"#\" target=\"_blank\" class=\"btn-rdc btn-preview\">Vista previa<\/a>\r\n          <a href=\"#\" download class=\"btn-rdc btn-download\">Descarga<\/a>\r\n        <\/div>\r\n      <\/td>\r\n    <\/tr>\r\n\r\n    <tr>\r\n      <td>Sustento de la intervenci\u00f3n de la Asamblea Local Ciudadana o de quien cumpli\u00f3 sus veces, como parte de la agenda de la deliberaci\u00f3n p\u00fablica<\/td>\r\n      <td>Constancia de que la Asamblea Ciudadana Local (representantes ciudadanos) eval\u00faa el informe de Rendici\u00f3n de Cuentas (intervenci\u00f3n en el evento)<\/td>\r\n      <td>\r\n        <div class=\"btn-group\">\r\n          <a href=\"#\" target=\"_blank\" class=\"btn-rdc btn-preview\">Vista previa<\/a>\r\n          <a href=\"#\" download class=\"btn-rdc btn-download\">Descarga<\/a>\r\n        <\/div>\r\n      <\/td>\r\n    <\/tr>\r\n\r\n    <tr>\r\n      <td>Sustento de la realizaci\u00f3n de mesas de trabajo durante el espacio deliberativo<\/td>\r\n      <td>Constancia de la realizaci\u00f3n de las mesas de trabajo y acta de compromisos<\/td>\r\n      <td>\r\n        <div class=\"btn-group\">\r\n          <a href=\"#\" target=\"_blank\" class=\"btn-rdc btn-preview\">Vista previa<\/a>\r\n          <a href=\"#\" download class=\"btn-rdc btn-download\">Descarga<\/a>\r\n        <\/div>\r\n      <\/td>\r\n    <\/tr>\r\n\r\n    <!-- FASE 4 -->\r\n    <tr>\r\n      <th colspan=\"3\" class=\"rdc-phase\">FASE 4 - INCORPORACI\u00d3N DE LA OPINI\u00d3N CIUDADANA, RETROALIMENTACI\u00d3N Y SEGUIMIENTO<\/th>\r\n    <\/tr>\r\n    <tr class=\"rdc-subhead\">\r\n      <th>Cumplimiento Fase 4<\/th>\r\n      <th>Respaldo<\/th>\r\n      <th>Enlace para acceder al respaldo<\/th>\r\n    <\/tr>\r\n\r\n    <tr>\r\n      <td>Sustento de la elaboraci\u00f3n del Plan de trabajo incorporando las recomendaciones ciudadanas a su gesti\u00f3n<\/td>\r\n      <td>Plan de Trabajo que recoja las sugerencias y recomendaciones de la ciudadan\u00eda para implementarlas en la gesti\u00f3n de la instituci\u00f3n<\/td>\r\n      <td>\r\n        <div class=\"btn-group\">\r\n          <a href=\"#\" target=\"_blank\" class=\"btn-rdc btn-preview\">Vista previa<\/a>\r\n          <a href=\"#\" download class=\"btn-rdc btn-download\">Descarga<\/a>\r\n        <\/div>\r\n      <\/td>\r\n    <\/tr>\r\n\r\n    <tr>\r\n      <td rowspan=\"3\">Sustento de la entrega del plan de trabajo a la Asamblea Local Ciudadana o quien cumple sus veces, con su respectivo recibido<\/td>\r\n      <td>Constancia de entrega del Plan de Trabajo a:<br>* Asamblea Local Ciudadana o quien cumpli\u00f3 sus funciones<br>* Consejo de Planificaci\u00f3n<br>* CPCCS<\/td>\r\n      <td>\r\n        <div class=\"btn-group\">\r\n          <a href=\"#\" target=\"_blank\" class=\"btn-rdc btn-preview\">Vista previa<\/a>\r\n          <a href=\"#\" download class=\"btn-rdc btn-download\">Descarga<\/a>\r\n        <\/div>\r\n      <\/td>\r\n    <\/tr>\r\n    <tr>\r\n      <td>Formulario RDC final c\u00f3digo QR<\/td>\r\n      <td>\r\n        <div class=\"btn-group\">\r\n          <a href=\"#\" target=\"_blank\" class=\"btn-rdc btn-preview\">Vista previa<\/a>\r\n          <a href=\"#\" download class=\"btn-rdc btn-download\">Descarga<\/a>\r\n        <\/div>\r\n      <\/td>\r\n    <\/tr>\r\n    <tr>\r\n      <td>Correo notificaci\u00f3n finalizaci\u00f3n<\/td>\r\n      <td>\r\n        <div class=\"btn-group\">\r\n          <a href=\"#\" target=\"_blank\" class=\"btn-rdc btn-preview\">Vista previa<\/a>\r\n          <a href=\"#\" download class=\"btn-rdc btn-download\">Descarga<\/a>\r\n        <\/div>\r\n      <\/td>\r\n    <\/tr>\r\n\r\n    <tr>\r\n      <td>Sustento de que se cumplieron las recomendaciones del a\u00f1o anterior<\/td>\r\n      <td>Constancia de cumplimiento de las recomendaciones del a\u00f1o anterior (Acta de compromisos y Plan de trabajo)<\/td>\r\n      <td>\r\n        <div class=\"btn-group\">\r\n          <a href=\"#\" target=\"_blank\" class=\"btn-rdc btn-preview\">Vista previa<\/a>\r\n          <a href=\"#\" download class=\"btn-rdc btn-download\">Descarga<\/a>\r\n        <\/div>\r\n      <\/td>\r\n    <\/tr>\r\n\r\n  <\/table>\r\n<\/div>\t\t\t\t<\/div>\n\t\t\t\t<\/div>\n\t\t\t\t\t<\/div>\n\t\t\t\t<\/div>\n\t\t\t\t<\/div>\n\t\t","protected":false},"excerpt":{"rendered":"<p>Instituci\u00f3n: UNIDAD METROPOLITANA DE SALUD NORTE Registro \u00danico de Contribuyente (RUC): 1760003410001 Per\u00edodo de rendici\u00f3n de cuentas: 1 de enero [&hellip;]<\/p>\n","protected":false},"author":3,"featured_media":0,"parent":0,"menu_order":0,"comment_status":"closed","ping_status":"closed","template":"","meta":{"site-sidebar-layout":"no-sidebar","site-content-layout":"","ast-site-content-layout":"full-width-container","site-content-style":"default","site-sidebar-style":"default","ast-global-header-display":"","ast-banner-title-visibility":"","ast-main-header-display":"","ast-hfb-above-header-display":"","ast-hfb-below-header-display":"","ast-hfb-mobile-header-display":"","site-post-title":"disabled","ast-breadcrumbs-content":"","ast-featured-img":"disabled","footer-sml-layout":"","theme-transparent-header-meta":"","adv-header-id-meta":"","stick-header-meta":"","header-above-stick-meta":"","header-main-stick-meta":"","header-below-stick-meta":"","astra-migrate-meta-layouts":"default","ast-page-background-enabled":"default","ast-page-background-meta":{"desktop":{"background-color":"var(--ast-global-color-4)","background-image":"","background-repeat":"repeat","background-position":"center center","background-size":"auto","background-attachment":"scroll","background-type":"","background-media":"","overlay-type":"","overlay-color":"","overlay-opacity":"","overlay-gradient":""},"tablet":{"background-color":"","background-image":"","background-repeat":"repeat","background-position":"center center","background-size":"auto","background-attachment":"scroll","background-type":"","background-media":"","overlay-type":"","overlay-color":"","overlay-opacity":"","overlay-gradient":""},"mobile":{"background-color":"","background-image":"","background-repeat":"repeat","background-position":"center center","background-size":"auto","background-attachment":"scroll","background-type":"","background-media":"","overlay-type":"","overlay-color":"","overlay-opacity":"","overlay-gradient":""}},"ast-content-background-meta":{"desktop":{"background-color":"var(--ast-global-color-5)","background-image":"","background-repeat":"repeat","background-position":"center center","background-size":"auto","background-attachment":"scroll","background-type":"","background-media":"","overlay-type":"","overlay-color":"","overlay-opacity":"","overlay-gradient":""},"tablet":{"background-color":"var(--ast-global-color-5)","background-image":"","background-repeat":"repeat","background-position":"center center","background-size":"auto","background-attachment":"scroll","background-type":"","background-media":"","overlay-type":"","overlay-color":"","overlay-opacity":"","overlay-gradient":""},"mobile":{"background-color":"var(--ast-global-color-5)","background-image":"","background-repeat":"repeat","background-position":"center center","background-size":"auto","background-attachment":"scroll","background-type":"","background-media":"","overlay-type":"","overlay-color":"","overlay-opacity":"","overlay-gradient":""}},"footnotes":""},"class_list":["post-10092","page","type-page","status-publish","hentry"],"_links":{"self":[{"href":"https:\/\/salud.quito.gob.ec\/index.php?rest_route=\/wp\/v2\/pages\/10092","targetHints":{"allow":["GET"]}}],"collection":[{"href":"https:\/\/salud.quito.gob.ec\/index.php?rest_route=\/wp\/v2\/pages"}],"about":[{"href":"https:\/\/salud.quito.gob.ec\/index.php?rest_route=\/wp\/v2\/types\/page"}],"author":[{"embeddable":true,"href":"https:\/\/salud.quito.gob.ec\/index.php?rest_route=\/wp\/v2\/users\/3"}],"replies":[{"embeddable":true,"href":"https:\/\/salud.quito.gob.ec\/index.php?rest_route=%2Fwp%2Fv2%2Fcomments&post=10092"}],"version-history":[{"count":34,"href":"https:\/\/salud.quito.gob.ec\/index.php?rest_route=\/wp\/v2\/pages\/10092\/revisions"}],"predecessor-version":[{"id":10137,"href":"https:\/\/salud.quito.gob.ec\/index.php?rest_route=\/wp\/v2\/pages\/10092\/revisions\/10137"}],"wp:attachment":[{"href":"https:\/\/salud.quito.gob.ec\/index.php?rest_route=%2Fwp%2Fv2%2Fmedia&parent=10092"}],"curies":[{"name":"wp","href":"https:\/\/api.w.org\/{rel}","templated":true}]}}