{"id":1547,"date":"2024-06-25T15:24:30","date_gmt":"2024-06-25T20:24:30","guid":{"rendered":"https:\/\/salud.quito.gob.ec\/?page_id=1547"},"modified":"2024-07-11T18:43:04","modified_gmt":"2024-07-11T23:43:04","slug":"rendicion-norte-2023","status":"publish","type":"page","link":"https:\/\/salud.quito.gob.ec\/?page_id=1547","title":{"rendered":"Rendici\u00f3n Norte 2023"},"content":{"rendered":"\t\t<div data-elementor-type=\"wp-page\" data-elementor-id=\"1547\" class=\"elementor elementor-1547\" data-elementor-post-type=\"page\">\n\t\t\t\t<div class=\"elementor-element elementor-element-cf75230 e-grid e-con-boxed e-con e-parent\" data-id=\"cf75230\" data-element_type=\"container\" data-e-type=\"container\">\n\t\t\t\t\t<div class=\"e-con-inner\">\n\t\t\t\t<div class=\"elementor-element elementor-element-696810d elementor-widget-divider--view-line elementor-widget elementor-widget-divider\" data-id=\"696810d\" data-element_type=\"widget\" data-e-type=\"widget\" data-widget_type=\"divider.default\">\n\t\t\t\t<div class=\"elementor-widget-container\">\n\t\t\t\t\t\t\t<div class=\"elementor-divider\">\n\t\t\t<span class=\"elementor-divider-separator\">\n\t\t\t\t\t\t<\/span>\n\t\t<\/div>\n\t\t\t\t\t\t<\/div>\n\t\t\t\t<\/div>\n\t\t\t\t<div class=\"elementor-element elementor-element-ef1f27a elementor-widget elementor-widget-text-editor\" data-id=\"ef1f27a\" data-element_type=\"widget\" data-e-type=\"widget\" data-widget_type=\"text-editor.default\">\n\t\t\t\t<div class=\"elementor-widget-container\">\n\t\t\t\t\t\t\t\t\t<h5 style=\"font-size: 20px; font-style: normal; margin-bottom: 0px; color: #28367f; font-family: Montserrat, sans-serif; text-align: center;\">RENDICI\u00d3N UNIDAD METROPOLITANA<br \/>DE SALUD NORTE 2023<\/h5>\t\t\t\t\t\t\t\t<\/div>\n\t\t\t\t<\/div>\n\t\t\t\t<div class=\"elementor-element elementor-element-bd96896 elementor-widget-divider--view-line elementor-widget elementor-widget-divider\" data-id=\"bd96896\" data-element_type=\"widget\" data-e-type=\"widget\" data-widget_type=\"divider.default\">\n\t\t\t\t<div class=\"elementor-widget-container\">\n\t\t\t\t\t\t\t<div class=\"elementor-divider\">\n\t\t\t<span class=\"elementor-divider-separator\">\n\t\t\t\t\t\t<\/span>\n\t\t<\/div>\n\t\t\t\t\t\t<\/div>\n\t\t\t\t<\/div>\n\t\t\t\t\t<\/div>\n\t\t\t\t<\/div>\n\t\t<div class=\"elementor-element elementor-element-23b7589 e-flex e-con-boxed e-con e-parent\" data-id=\"23b7589\" data-element_type=\"container\" data-e-type=\"container\">\n\t\t\t\t\t<div class=\"e-con-inner\">\n\t\t\t\t<div class=\"elementor-element elementor-element-f49b0b0 elementor-widget elementor-widget-text-editor\" data-id=\"f49b0b0\" data-element_type=\"widget\" data-e-type=\"widget\" data-widget_type=\"text-editor.default\">\n\t\t\t\t<div class=\"elementor-widget-container\">\n\t\t\t\t\t\t\t\t\t<p><b>INFORME DE RENDICI\u00d3N DE CUENTAS DE UNIDAD METROPOLITANA DE SALUD NORTE<\/b><\/p>\n<p>Presupuesto institucional 2023<br><a href=\"https:\/\/mdmqdireccioninformatica-my.sharepoint.com\/personal\/secretaria_salud_quito_gob_ec\/_layouts\/15\/onedrive.aspx?id=%2Fpersonal%2Fsecretaria%5Fsalud%5Fquito%5Fgob%5Fec%2FDocuments%2FComunicaci%C3%B3n%2FRendicion%5Fde%5FCuentas%2F2023%2FUMSN%2Ford%2D008%2D2023%2Dpmu%5Fpresupuesto%5F2023%2Epdf&amp;parent=%2Fpersonal%2Fsecretaria%5Fsalud%5Fquito%5Fgob%5Fec%2FDocuments%2FComunicaci%C3%B3n%2FRendicion%5Fde%5FCuentas%2F2023%2FUMSN&amp;parentview=0\">ord-008-2023-pmu_presupuesto_2023.pdf<\/a><\/p>\n<p>-lan Operativo Anual (POA)<br><a href=\"https:\/\/mdmqdireccioninformatica-my.sharepoint.com\/personal\/secretaria_salud_quito_gob_ec\/_layouts\/15\/onedrive.aspx?id=%2Fpersonal%2Fsecretaria%5Fsalud%5Fquito%5Fgob%5Fec%2FDocuments%2FComunicaci%C3%B3n%2FRendicion%5Fde%5FCuentas%2F2023%2FUMSN%2Fpoa%5F2023%5Fumsn%5Fcorte%5F12%2D10%2D2023%2Epdf&amp;parent=%2Fpersonal%2Fsecretaria%5Fsalud%5Fquito%5Fgob%5Fec%2FDocuments%2FComunicaci%C3%B3n%2FRendicion%5Fde%5FCuentas%2F2023%2FUMSN&amp;parentview=0\">poa_2023_umsn_corte_12-10-2023<\/a><br><a href=\"https:\/\/mdmqdireccioninformatica-my.sharepoint.com\/personal\/secretaria_salud_quito_gob_ec\/_layouts\/15\/onedrive.aspx?id=%2Fpersonal%2Fsecretaria%5Fsalud%5Fquito%5Fgob%5Fec%2FDocuments%2FComunicaci%C3%B3n%2FRendicion%5Fde%5FCuentas%2F2023%2FUMSN%2Funidad%5Fmetropolitana%5Fde%5Fsalud%5Fnorte%5Fpoa%5F2023%5Fmi%5Fciudad%2Epdf&amp;parent=%2Fpersonal%2Fsecretaria%5Fsalud%5Fquito%5Fgob%5Fec%2FDocuments%2FComunicaci%C3%B3n%2FRendicion%5Fde%5FCuentas%2F2023%2FUMSN&amp;parentview=0\">unidad_metropolitana_de_salud_norte_poa_2023_mi_ciudad<\/a><\/p>\n<p>Informe Narrativo de Rendici\u00f3n de Cuentas<br><a href=\"https:\/\/mdmqdireccioninformatica-my.sharepoint.com\/personal\/secretaria_salud_quito_gob_ec\/_layouts\/15\/onedrive.aspx?id=%2Fpersonal%2Fsecretaria%5Fsalud%5Fquito%5Fgob%5Fec%2FDocuments%2FComunicaci%C3%B3n%2FRendicion%5Fde%5FCuentas%2F2023%2FUMSN%2Finforme%5Fnarrativo%5Frendicion%5Fde%5Fcuentas%5F2023%2Epdf&amp;parent=%2Fpersonal%2Fsecretaria%5Fsalud%5Fquito%5Fgob%5Fec%2FDocuments%2FComunicaci%C3%B3n%2FRendicion%5Fde%5FCuentas%2F2023%2FUMSN&amp;parentview=0\">informe_narrativo_rendicion_de_cuentas_2023.pdf<\/a><br><a href=\"https:\/\/mdmqdireccioninformatica-my.sharepoint.com\/personal\/secretaria_salud_quito_gob_ec\/_layouts\/15\/onedrive.aspx?id=%2Fpersonal%2Fsecretaria%5Fsalud%5Fquito%5Fgob%5Fec%2FDocuments%2FComunicaci%C3%B3n%2FRendicion%5Fde%5FCuentas%2F2023%2FUMSN%2F13%29%20gaddmq%2Dumsn%2D2024%2D0449%2Dm%5F%28aprobaci%C3%B3n%5Finforme%5Fnarrativo%29%2Epdf&amp;parent=%2Fpersonal%2Fsecretaria%5Fsalud%5Fquito%5Fgob%5Fec%2FDocuments%2FComunicaci%C3%B3n%2FRendicion%5Fde%5FCuentas%2F2023%2FUMSN&amp;parentview=0\">13) gaddmq-umsn-2024-0449-m_(aprobaci\u00f3n_informe_narrativo)<\/a><\/p>\n<p>Convocatoria (invitaci\u00f3n) a la deliberaci\u00f3n p\u00fablica de rendici\u00f3n de cuentas 2023<br><a href=\"https:\/\/mdmqdireccioninformatica-my.sharepoint.com\/personal\/secretaria_salud_quito_gob_ec\/_layouts\/15\/onedrive.aspx?id=%2Fpersonal%2Fsecretaria%5Fsalud%5Fquito%5Fgob%5Fec%2FDocuments%2FComunicaci%C3%B3n%2FRendicion%5Fde%5FCuentas%2F2023%2FUMSN%2F4%29%20invitacion%5Frendicion%5Fde%5Fcuentas%5Fumsn%2Epdf&amp;parent=%2Fpersonal%2Fsecretaria%5Fsalud%5Fquito%5Fgob%5Fec%2FDocuments%2FComunicaci%C3%B3n%2FRendicion%5Fde%5FCuentas%2F2023%2FUMSN&amp;parentview=0\">4) invitacion_rendicion_de_cuentas_umsn.pdf<\/a><br><a href=\"https:\/\/mdmqdireccioninformatica-my.sharepoint.com\/personal\/secretaria_salud_quito_gob_ec\/_layouts\/15\/onedrive.aspx?id=%2Fpersonal%2Fsecretaria%5Fsalud%5Fquito%5Fgob%5Fec%2FDocuments%2FComunicaci%C3%B3n%2FRendicion%5Fde%5FCuentas%2F2023%2FUMSN%2Fgaddmq%2Dumsn%2D2024%2D0013%2Do%5F%28invitaci%C3%B3n%5Fasamblea%5Flocal%5Fumsn%29%2Epdf&amp;parent=%2Fpersonal%2Fsecretaria%5Fsalud%5Fquito%5Fgob%5Fec%2FDocuments%2FComunicaci%C3%B3n%2FRendicion%5Fde%5FCuentas%2F2023%2FUMSN&amp;parentview=0\">gaddmq-umsn-2024-0013-o_(invitaci\u00f3n_asamblea_local_umsn)<\/a><\/p>\n<p>Evento (video) deliberaci\u00f3n p\u00fablica rendici\u00f3n de cuentas 2023<br><a href=\"https:\/\/mdmqdireccioninformatica-my.sharepoint.com\/personal\/secretaria_salud_quito_gob_ec\/_layouts\/15\/stream.aspx?id=%2Fpersonal%2Fsecretaria%5Fsalud%5Fquito%5Fgob%5Fec%2FDocuments%2FComunicaci%C3%B3n%2FRendicion%5Fde%5FCuentas%2F2023%2FUMSN%2FSecuencia%2001%2Emp4&amp;referrer=StreamWebApp%2EWeb&amp;referrerScenario=AddressBarCopied%2Eview%2E70b7c54d%2D05fd%2D4cbf%2D96bc%2Dab248de8c81a\">Secuencia 01<\/a><\/p>\n<p>Informe de Rendici\u00f3n de Cuentas UMSN 2023 registrado en la plataforma virtual del Consejo de Participaci\u00f3n Ciudadana y&nbsp;<span style=\"font-style: inherit; font-weight: inherit; color: var( --e-global-color-text ); font-family: var( --e-global-typography-text-font-family ), Sans-serif; background-color: var(--ast-global-color-5);\">Control Social (CPCCS)&nbsp;<\/span><\/p>\n<p><span style=\"font-style: inherit; font-weight: inherit; color: var( --e-global-color-text ); font-family: var( --e-global-typography-text-font-family ), Sans-serif; background-color: var(--ast-global-color-5);\">&nbsp;Correo de confirmaci\u00f3n de finalizaci\u00f3n del proceso de rendici\u00f3n de cuentas 2023 en la plataforma del CPCCS<\/span><\/p>\n<p>Plan de trabajo acciones de mejora<br><a href=\"https:\/\/mdmqdireccioninformatica-my.sharepoint.com\/personal\/secretaria_salud_quito_gob_ec\/_layouts\/15\/onedrive.aspx?id=%2Fpersonal%2Fsecretaria%5Fsalud%5Fquito%5Fgob%5Fec%2FDocuments%2FComunicaci%C3%B3n%2FRendicion%5Fde%5FCuentas%2F2023%2FUMSN%2F8%29%20plan%5Fde%5Ftrabajo%5F2024%5Ffinalsigned%5Fsigned%2Dsigned%5F%281%29%2Epdf&amp;parent=%2Fpersonal%2Fsecretaria%5Fsalud%5Fquito%5Fgob%5Fec%2FDocuments%2FComunicaci%C3%B3n%2FRendicion%5Fde%5FCuentas%2F2023%2FUMSN&amp;parentview=0\">8) plan_de_trabajo_2024_finalsigned_signed-signed_(1)<\/a><\/p>\n<p>Constancia de entrega del Plan de trabajo a representantes ciudadanos (Asamblea de Quito)<\/p>\n<p><br><\/p>\n<p><b>FORMULARIO DE RENDICI\u00d3N DE CUENTAS 2023<\/b><\/p>\n<p>Equipo Rendici\u00f3n de Cuentas<br><a href=\"https:\/\/mdmqdireccioninformatica-my.sharepoint.com\/personal\/secretaria_salud_quito_gob_ec\/_layouts\/15\/onedrive.aspx?id=%2Fpersonal%2Fsecretaria%5Fsalud%5Fquito%5Fgob%5Fec%2FDocuments%2FComunicaci%C3%B3n%2FRendicion%5Fde%5FCuentas%2F2023%2FUMSN%2F10%29%20gaddmq%2Dumsn%2D2024%2D0187%2Dm%5F%28designaci%C3%B3n%5Fde%5Fequipo%5Fresponsable%29%2Epdf&amp;parent=%2Fpersonal%2Fsecretaria%5Fsalud%5Fquito%5Fgob%5Fec%2FDocuments%2FComunicaci%C3%B3n%2FRendicion%5Fde%5FCuentas%2F2023%2FUMSN&amp;parentview=0\">10) gaddmq-umsn-2024-0187-m_(designaci\u00f3n_de_equipo_responsable)<\/a><\/p>\n<p>Hoja de ruta Rendici\u00f3n de Cuentas 2023<br><a href=\"https:\/\/mdmqdireccioninformatica-my.sharepoint.com\/personal\/secretaria_salud_quito_gob_ec\/_layouts\/15\/onedrive.aspx?id=%2Fpersonal%2Fsecretaria%5Fsalud%5Fquito%5Fgob%5Fec%2FDocuments%2FComunicaci%C3%B3n%2FRendicion%5Fde%5FCuentas%2F2023%2FUMSN%2F11%29%20hoja%5Fde%5Fruta%5Frc2023%5F%28ajustado%29%2Dsigned%2Dsigned%2Epdf&amp;parent=%2Fpersonal%2Fsecretaria%5Fsalud%5Fquito%5Fgob%5Fec%2FDocuments%2FComunicaci%C3%B3n%2FRendicion%5Fde%5FCuentas%2F2023%2FUMSN&amp;parentview=0\">11) hoja_de_ruta_rc2023_(ajustado)-signed-signed<\/a><\/p>\n<p>Formulario de Rendici\u00f3n de Cuentas Excel base 2023<br><a href=\"https:\/\/mdmqdireccioninformatica-my.sharepoint.com\/:x:\/g\/personal\/secretaria_salud_quito_gob_ec\/ES3uB9Um4oJJgA1Z8ob-fV4BO6pWgIpflvWdaVvCoQjs5g?e=20PD2o\">Formulario Rendici\u00f3n de Cuentas 2023 &#8211; UMSN Final 00.xlsx<\/a><br><\/p>\n<p>Aprobaci\u00f3n del formulario e informe narrativo del Proceso de Rendici\u00f3n de Cuentas 2023 de la UMSN<br><a href=\"https:\/\/mdmqdireccioninformatica-my.sharepoint.com\/personal\/secretaria_salud_quito_gob_ec\/_layouts\/15\/onedrive.aspx?id=%2Fpersonal%2Fsecretaria%5Fsalud%5Fquito%5Fgob%5Fec%2FDocuments%2FComunicaci%C3%B3n%2FRendicion%5Fde%5FCuentas%2F2023%2FUMSN%2Fformulario%5Frendicion%5Fde%5Fcuentas%5F2023%5Fpreliminar%5Fumsn%2Epdf&amp;parent=%2Fpersonal%2Fsecretaria%5Fsalud%5Fquito%5Fgob%5Fec%2FDocuments%2FComunicaci%C3%B3n%2FRendicion%5Fde%5FCuentas%2F2023%2FUMSN&amp;parentview=0\">formulario_rendicion_de_cuentas_2023_preliminar_umsn<\/a><span style=\"font-style: inherit; font-weight: inherit; color: var( --e-global-color-text ); font-family: var( --e-global-typography-text-font-family ), Sans-serif; text-align: var(--text-align); background-color: var(--ast-global-color-5);\"><br><a href=\"https:\/\/mdmqdireccioninformatica-my.sharepoint.com\/personal\/secretaria_salud_quito_gob_ec\/_layouts\/15\/onedrive.aspx?id=%2Fpersonal%2Fsecretaria%5Fsalud%5Fquito%5Fgob%5Fec%2FDocuments%2FComunicaci%C3%B3n%2FRendicion%5Fde%5FCuentas%2F2023%2FUMSN%2Finforme%5Fnarrativo%5Frendicion%5Fde%5Fcuentas%5F2023%2Epdf&amp;parent=%2Fpersonal%2Fsecretaria%5Fsalud%5Fquito%5Fgob%5Fec%2FDocuments%2FComunicaci%C3%B3n%2FRendicion%5Fde%5FCuentas%2F2023%2FUMSN&amp;parentview=0\">informe_narrativo_rendicion_de_cuentas_2023<\/a><\/span><\/p>\n<p>&#8211; Procesos de contrataci\u00f3n publica 2023<br><span style=\"font-style: inherit; font-weight: inherit; color: var( --e-global-color-text ); font-family: var( --e-global-typography-text-font-family ), Sans-serif; text-align: var(--text-align); background-color: var(--ast-global-color-5);\"><a href=\"https:\/\/mdmqdireccioninformatica-my.sharepoint.com\/personal\/secretaria_salud_quito_gob_ec\/_layouts\/15\/onedrive.aspx?id=%2Fpersonal%2Fsecretaria%5Fsalud%5Fquito%5Fgob%5Fec%2FDocuments%2FComunicaci%C3%B3n%2FRendicion%5Fde%5FCuentas%2F2023%2FUMSN%2F14e%29%20detalle%5Fprocesos%5F2023%5Fsubasta%2Epdf&amp;parent=%2Fpersonal%2Fsecretaria%5Fsalud%5Fquito%5Fgob%5Fec%2FDocuments%2FComunicaci%C3%B3n%2FRendicion%5Fde%5FCuentas%2F2023%2FUMSN&amp;parentview=0\">14e) detalle_procesos_2023_subasta<\/a><br><\/span><span style=\"font-style: inherit; font-weight: inherit; color: var( --e-global-color-text ); font-family: var( --e-global-typography-text-font-family ), Sans-serif; text-align: var(--text-align); background-color: var(--ast-global-color-5);\"><a href=\"https:\/\/mdmqdireccioninformatica-my.sharepoint.com\/personal\/secretaria_salud_quito_gob_ec\/_layouts\/15\/onedrive.aspx?id=%2Fpersonal%2Fsecretaria%5Fsalud%5Fquito%5Fgob%5Fec%2FDocuments%2FComunicaci%C3%B3n%2FRendicion%5Fde%5FCuentas%2F2023%2FUMSN%2F14d%29%20detalle%5Fprocesos%5F2023%5Fregimen%5Fespecial%2Epdf&amp;parent=%2Fpersonal%2Fsecretaria%5Fsalud%5Fquito%5Fgob%5Fec%2FDocuments%2FComunicaci%C3%B3n%2FRendicion%5Fde%5FCuentas%2F2023%2FUMSN&amp;parentview=0\">14d) detalle_procesos_2023_regimen_especial<\/a><br><\/span><span style=\"font-style: inherit; font-weight: inherit; color: var( --e-global-color-text ); font-family: var( --e-global-typography-text-font-family ), Sans-serif; text-align: var(--text-align); background-color: var(--ast-global-color-5);\"><a href=\"https:\/\/mdmqdireccioninformatica-my.sharepoint.com\/personal\/secretaria_salud_quito_gob_ec\/_layouts\/15\/onedrive.aspx?id=%2Fpersonal%2Fsecretaria%5Fsalud%5Fquito%5Fgob%5Fec%2FDocuments%2FComunicaci%C3%B3n%2FRendicion%5Fde%5FCuentas%2F2023%2FUMSN%2F14c%29%20detalle%5Fprocesos%5F2023%5Finfimas%5Fok%2Epdf&amp;parent=%2Fpersonal%2Fsecretaria%5Fsalud%5Fquito%5Fgob%5Fec%2FDocuments%2FComunicaci%C3%B3n%2FRendicion%5Fde%5FCuentas%2F2023%2FUMSN&amp;parentview=0\">14c) detalle_procesos_2023_infimas_ok<\/a><br><\/span><span style=\"font-style: inherit; font-weight: inherit; color: var( --e-global-color-text ); font-family: var( --e-global-typography-text-font-family ), Sans-serif; text-align: var(--text-align); background-color: var(--ast-global-color-5);\"><a href=\"https:\/\/mdmqdireccioninformatica-my.sharepoint.com\/personal\/secretaria_salud_quito_gob_ec\/_layouts\/15\/onedrive.aspx?id=%2Fpersonal%2Fsecretaria%5Fsalud%5Fquito%5Fgob%5Fec%2FDocuments%2FComunicaci%C3%B3n%2FRendicion%5Fde%5FCuentas%2F2023%2FUMSN%2F14b%29%20detalle%5Fprocesos%5F2023%5Fconsultoria%2Epdf&amp;parent=%2Fpersonal%2Fsecretaria%5Fsalud%5Fquito%5Fgob%5Fec%2FDocuments%2FComunicaci%C3%B3n%2FRendicion%5Fde%5FCuentas%2F2023%2FUMSN&amp;parentview=0\">14b) detalle_procesos_2023_consultoria<\/a><br><a href=\"https:\/\/mdmqdireccioninformatica-my.sharepoint.com\/personal\/secretaria_salud_quito_gob_ec\/_layouts\/15\/onedrive.aspx?id=%2Fpersonal%2Fsecretaria%5Fsalud%5Fquito%5Fgob%5Fec%2FDocuments%2FComunicaci%C3%B3n%2FRendicion%5Fde%5FCuentas%2F2023%2FUMSN%2F14a%29%20detalle%5Fprocesos%5F2023%5F%5Fferias%2Epdf&amp;parent=%2Fpersonal%2Fsecretaria%5Fsalud%5Fquito%5Fgob%5Fec%2FDocuments%2FComunicaci%C3%B3n%2FRendicion%5Fde%5FCuentas%2F2023%2FUMSN&amp;parentview=0\">14a) detalle_procesos_2023__ferias<\/a><br><\/span><\/p>\n<p>Incorporaci\u00f3n de recomendaciones y dict\u00e1menes por parte de las entidades de la Funci\u00f3n de Transparencia y Control Social, la&nbsp;<span style=\"font-style: inherit; font-weight: inherit; color: var( --e-global-color-text ); font-family: var( --e-global-typography-text-font-family ), Sans-serif; background-color: var(--ast-global-color-5);\">Procuradur\u00eda General del Estado y CEAACES&nbsp;<\/span><\/p>\n<p>Mecanismos de Control Social<\/p><p>&nbsp;<\/p>\n<p><b>OTROS DOCUMENTOS<br><\/b><span style=\"font-style: inherit; font-weight: inherit; color: var( --e-global-color-text ); font-family: var( --e-global-typography-text-font-family ), Sans-serif; text-align: var(--text-align); background-color: var(--ast-global-color-5);\"><a href=\"https:\/\/mdmqdireccioninformatica-my.sharepoint.com\/personal\/secretaria_salud_quito_gob_ec\/_layouts\/15\/onedrive.aspx?id=%2Fpersonal%2Fsecretaria%5Fsalud%5Fquito%5Fgob%5Fec%2FDocuments%2FComunicaci%C3%B3n%2FRendicion%5Fde%5FCuentas%2F2023%2FUMSN%2Fconsulta%5Fciudadana%5Fasistencia%2Epdf&amp;parent=%2Fpersonal%2Fsecretaria%5Fsalud%5Fquito%5Fgob%5Fec%2FDocuments%2FComunicaci%C3%B3n%2FRendicion%5Fde%5FCuentas%2F2023%2FUMSN&amp;parentview=0\">consulta_ciudadana_asistencia<\/a><br><\/span><span style=\"font-style: inherit; font-weight: inherit; color: var( --e-global-color-text ); font-family: var( --e-global-typography-text-font-family ), Sans-serif; text-align: var(--text-align); background-color: var(--ast-global-color-5);\"><a href=\"https:\/\/mdmqdireccioninformatica-my.sharepoint.com\/personal\/secretaria_salud_quito_gob_ec\/_layouts\/15\/onedrive.aspx?id=%2Fpersonal%2Fsecretaria%5Fsalud%5Fquito%5Fgob%5Fec%2FDocuments%2FComunicaci%C3%B3n%2FRendicion%5Fde%5FCuentas%2F2023%2FUMSN%2Facta%5Fconformaci%C3%B3n%5Fcomisi%C3%B3n%5F1%2Epdf&amp;parent=%2Fpersonal%2Fsecretaria%5Fsalud%5Fquito%5Fgob%5Fec%2FDocuments%2FComunicaci%C3%B3n%2FRendicion%5Fde%5FCuentas%2F2023%2FUMSN&amp;parentview=0\">acta_conformaci\u00f3n_comisi\u00f3n_1<\/a><br><a href=\"https:\/\/mdmqdireccioninformatica-my.sharepoint.com\/personal\/secretaria_salud_quito_gob_ec\/_layouts\/15\/onedrive.aspx?id=%2Fpersonal%2Fsecretaria%5Fsalud%5Fquito%5Fgob%5Fec%2FDocuments%2FComunicaci%C3%B3n%2FRendicion%5Fde%5FCuentas%2F2023%2FUMSN%2Facta%5Fconformaci%C3%B3n%5Fcomisi%C3%B3n%5F2%2Epdf&amp;parent=%2Fpersonal%2Fsecretaria%5Fsalud%5Fquito%5Fgob%5Fec%2FDocuments%2FComunicaci%C3%B3n%2FRendicion%5Fde%5FCuentas%2F2023%2FUMSN&amp;parentview=0\">acta_conformaci\u00f3n_comisi\u00f3n_2<\/a><br><a href=\"https:\/\/mdmqdireccioninformatica-my.sharepoint.com\/personal\/secretaria_salud_quito_gob_ec\/_layouts\/15\/onedrive.aspx?id=%2Fpersonal%2Fsecretaria%5Fsalud%5Fquito%5Fgob%5Fec%2FDocuments%2FComunicaci%C3%B3n%2FRendicion%5Fde%5FCuentas%2F2023%2FUMSN%2Fmetodologia%5Fmesas%5Fde%5Ftrabajo%5Fumsn%2Epdf&amp;parent=%2Fpersonal%2Fsecretaria%5Fsalud%5Fquito%5Fgob%5Fec%2FDocuments%2FComunicaci%C3%B3n%2FRendicion%5Fde%5FCuentas%2F2023%2FUMSN&amp;parentview=0\">metodologia_mesas_de_trabajo_umsn<\/a><br><\/span><span style=\"font-style: inherit; font-weight: inherit; color: var( --e-global-color-text ); font-family: var( --e-global-typography-text-font-family ), Sans-serif; text-align: var(--text-align); background-color: var(--ast-global-color-5);\"><a href=\"https:\/\/mdmqdireccioninformatica-my.sharepoint.com\/personal\/secretaria_salud_quito_gob_ec\/_layouts\/15\/onedrive.aspx?id=%2Fpersonal%2Fsecretaria%5Fsalud%5Fquito%5Fgob%5Fec%2FDocuments%2FComunicaci%C3%B3n%2FRendicion%5Fde%5FCuentas%2F2023%2FUMSN%2Freunion%5F1%5Fcomision%5F1%2Epdf&amp;parent=%2Fpersonal%2Fsecretaria%5Fsalud%5Fquito%5Fgob%5Fec%2FDocuments%2FComunicaci%C3%B3n%2FRendicion%5Fde%5FCuentas%2F2023%2FUMSN&amp;parentview=0\">reunion_1_comision_1<\/a><\/span><span style=\"font-style: inherit; font-weight: inherit; color: var( --e-global-color-text ); font-family: var( --e-global-typography-text-font-family ), Sans-serif; text-align: var(--text-align); background-color: var(--ast-global-color-5);\"><br><a href=\"https:\/\/mdmqdireccioninformatica-my.sharepoint.com\/personal\/secretaria_salud_quito_gob_ec\/_layouts\/15\/onedrive.aspx?id=%2Fpersonal%2Fsecretaria%5Fsalud%5Fquito%5Fgob%5Fec%2FDocuments%2FComunicaci%C3%B3n%2FRendicion%5Fde%5FCuentas%2F2023%2FUMSN%2Fmetodologia%5Fmesas%5Fde%5Ftrabajo%5Fumsn%2Epdf&amp;parent=%2Fpersonal%2Fsecretaria%5Fsalud%5Fquito%5Fgob%5Fec%2FDocuments%2FComunicaci%C3%B3n%2FRendicion%5Fde%5FCuentas%2F2023%2FUMSN&amp;parentview=0\">metodologia_mesas_de_trabajo_umsn<\/a><br><a href=\"https:\/\/mdmqdireccioninformatica-my.sharepoint.com\/personal\/secretaria_salud_quito_gob_ec\/_layouts\/15\/onedrive.aspx?id=%2Fpersonal%2Fsecretaria%5Fsalud%5Fquito%5Fgob%5Fec%2FDocuments%2FComunicaci%C3%B3n%2FRendicion%5Fde%5FCuentas%2F2023%2FUMSN%2Ftemas%5Fpara%5Frendir%5Fcuentas%2Epdf&amp;parent=%2Fpersonal%2Fsecretaria%5Fsalud%5Fquito%5Fgob%5Fec%2FDocuments%2FComunicaci%C3%B3n%2FRendicion%5Fde%5FCuentas%2F2023%2FUMSN&amp;parentview=0\">temas_para_rendir_cuentas<\/a><br><a href=\"https:\/\/mdmqdireccioninformatica-my.sharepoint.com\/personal\/secretaria_salud_quito_gob_ec\/_layouts\/15\/onedrive.aspx?id=%2Fpersonal%2Fsecretaria%5Fsalud%5Fquito%5Fgob%5Fec%2FDocuments%2FComunicaci%C3%B3n%2FRendicion%5Fde%5FCuentas%2F2023%2FUMSN%2Freunion%5F2%5Fcomision%5F2%2Epdf&amp;parent=%2Fpersonal%2Fsecretaria%5Fsalud%5Fquito%5Fgob%5Fec%2FDocuments%2FComunicaci%C3%B3n%2FRendicion%5Fde%5FCuentas%2F2023%2FUMSN&amp;parentview=0\">reunion_2_comision_2<\/a><br><a href=\"https:\/\/mdmqdireccioninformatica-my.sharepoint.com\/personal\/secretaria_salud_quito_gob_ec\/_layouts\/15\/onedrive.aspx?id=%2Fpersonal%2Fsecretaria%5Fsalud%5Fquito%5Fgob%5Fec%2FDocuments%2FComunicaci%C3%B3n%2FRendicion%5Fde%5FCuentas%2F2023%2FUMSN%2Freunion%5F2%5Fcomision%5F1%2Epdf&amp;parent=%2Fpersonal%2Fsecretaria%5Fsalud%5Fquito%5Fgob%5Fec%2FDocuments%2FComunicaci%C3%B3n%2FRendicion%5Fde%5FCuentas%2F2023%2FUMSN&amp;parentview=0\">reunion_2_comision_1<\/a><br><a href=\"https:\/\/mdmqdireccioninformatica-my.sharepoint.com\/personal\/secretaria_salud_quito_gob_ec\/_layouts\/15\/onedrive.aspx?id=%2Fpersonal%2Fsecretaria%5Fsalud%5Fquito%5Fgob%5Fec%2FDocuments%2FComunicaci%C3%B3n%2FRendicion%5Fde%5FCuentas%2F2023%2FUMSN%2Freunion%5F1%5Fcomision%5F2%2Epdf&amp;parent=%2Fpersonal%2Fsecretaria%5Fsalud%5Fquito%5Fgob%5Fec%2FDocuments%2FComunicaci%C3%B3n%2FRendicion%5Fde%5FCuentas%2F2023%2FUMSN&amp;parentview=0\">reunion_1_comision_2<\/a><br><\/span><\/p>\t\t\t\t\t\t\t\t<\/div>\n\t\t\t\t<\/div>\n\t\t\t\t\t<\/div>\n\t\t\t\t<\/div>\n\t\t\t\t<\/div>\n\t\t","protected":false},"excerpt":{"rendered":"<p>RENDICI\u00d3N UNIDAD METROPOLITANADE SALUD NORTE 2023 INFORME DE RENDICI\u00d3N DE CUENTAS DE UNIDAD METROPOLITANA DE SALUD NORTE Presupuesto institucional 2023ord-008-2023-pmu_presupuesto_2023.pdf [&hellip;]<\/p>\n","protected":false},"author":2,"featured_media":0,"parent":0,"menu_order":0,"comment_status":"closed","ping_status":"closed","template":"","meta":{"site-sidebar-layout":"no-sidebar","site-content-layout":"","ast-site-content-layout":"full-width-container","site-content-style":"default","site-sidebar-style":"default","ast-global-header-display":"","ast-banner-title-visibility":"","ast-main-header-display":"","ast-hfb-above-header-display":"","ast-hfb-below-header-display":"","ast-hfb-mobile-header-display":"","site-post-title":"disabled","ast-breadcrumbs-content":"","ast-featured-img":"disabled","footer-sml-layout":"","theme-transparent-header-meta":"","adv-header-id-meta":"","stick-header-meta":"","header-above-stick-meta":"","header-main-stick-meta":"","header-below-stick-meta":"","astra-migrate-meta-layouts":"default","ast-page-background-enabled":"default","ast-page-background-meta":{"desktop":{"background-color":"var(--ast-global-color-4)","background-image":"","background-repeat":"repeat","background-position":"center center","background-size":"auto","background-attachment":"scroll","background-type":"","background-media":"","overlay-type":"","overlay-color":"","overlay-opacity":"","overlay-gradient":""},"tablet":{"background-color":"","background-image":"","background-repeat":"repeat","background-position":"center center","background-size":"auto","background-attachment":"scroll","background-type":"","background-media":"","overlay-type":"","overlay-color":"","overlay-opacity":"","overlay-gradient":""},"mobile":{"background-color":"","background-image":"","background-repeat":"repeat","background-position":"center center","background-size":"auto","background-attachment":"scroll","background-type":"","background-media":"","overlay-type":"","overlay-color":"","overlay-opacity":"","overlay-gradient":""}},"ast-content-background-meta":{"desktop":{"background-color":"var(--ast-global-color-5)","background-image":"","background-repeat":"repeat","background-position":"center center","background-size":"auto","background-attachment":"scroll","background-type":"","background-media":"","overlay-type":"","overlay-color":"","overlay-opacity":"","overlay-gradient":""},"tablet":{"background-color":"var(--ast-global-color-5)","background-image":"","background-repeat":"repeat","background-position":"center center","background-size":"auto","background-attachment":"scroll","background-type":"","background-media":"","overlay-type":"","overlay-color":"","overlay-opacity":"","overlay-gradient":""},"mobile":{"background-color":"var(--ast-global-color-5)","background-image":"","background-repeat":"repeat","background-position":"center center","background-size":"auto","background-attachment":"scroll","background-type":"","background-media":"","overlay-type":"","overlay-color":"","overlay-opacity":"","overlay-gradient":""}},"footnotes":""},"class_list":["post-1547","page","type-page","status-publish","hentry"],"_links":{"self":[{"href":"https:\/\/salud.quito.gob.ec\/index.php?rest_route=\/wp\/v2\/pages\/1547","targetHints":{"allow":["GET"]}}],"collection":[{"href":"https:\/\/salud.quito.gob.ec\/index.php?rest_route=\/wp\/v2\/pages"}],"about":[{"href":"https:\/\/salud.quito.gob.ec\/index.php?rest_route=\/wp\/v2\/types\/page"}],"author":[{"embeddable":true,"href":"https:\/\/salud.quito.gob.ec\/index.php?rest_route=\/wp\/v2\/users\/2"}],"replies":[{"embeddable":true,"href":"https:\/\/salud.quito.gob.ec\/index.php?rest_route=%2Fwp%2Fv2%2Fcomments&post=1547"}],"version-history":[{"count":70,"href":"https:\/\/salud.quito.gob.ec\/index.php?rest_route=\/wp\/v2\/pages\/1547\/revisions"}],"predecessor-version":[{"id":1873,"href":"https:\/\/salud.quito.gob.ec\/index.php?rest_route=\/wp\/v2\/pages\/1547\/revisions\/1873"}],"wp:attachment":[{"href":"https:\/\/salud.quito.gob.ec\/index.php?rest_route=%2Fwp%2Fv2%2Fmedia&parent=1547"}],"curies":[{"name":"wp","href":"https:\/\/api.w.org\/{rel}","templated":true}]}}