{"id":198,"date":"2024-04-30T10:45:52","date_gmt":"2024-04-30T15:45:52","guid":{"rendered":"https:\/\/salud.quito.gob.ec\/?page_id=198"},"modified":"2024-11-12T16:08:54","modified_gmt":"2024-11-12T21:08:54","slug":"atribuciones-y-responsabilidades","status":"publish","type":"page","link":"https:\/\/salud.quito.gob.ec\/?page_id=198","title":{"rendered":"Filosof\u00eda Institucional"},"content":{"rendered":"\t\t<div data-elementor-type=\"wp-page\" data-elementor-id=\"198\" class=\"elementor elementor-198\" data-elementor-post-type=\"page\">\n\t\t\t\t<div class=\"elementor-element elementor-element-d50df9e e-flex e-con-boxed e-con e-parent\" data-id=\"d50df9e\" data-element_type=\"container\" data-e-type=\"container\">\n\t\t\t\t\t<div class=\"e-con-inner\">\n\t\t\t\t<div class=\"elementor-element elementor-element-d9a3934 elementor-widget elementor-widget-shortcode\" data-id=\"d9a3934\" data-element_type=\"widget\" data-e-type=\"widget\" data-widget_type=\"shortcode.default\">\n\t\t\t\t<div class=\"elementor-widget-container\">\n\t\t\t\t\t\t\t<div class=\"elementor-shortcode\">\t\t\t<!-- Flexy Breadcrumb -->\r\n\t\t\t<div class=\"fbc fbc-page\">\r\n\r\n\t\t\t\t<!-- Breadcrumb wrapper -->\r\n\t\t\t\t<div class=\"fbc-wrap\">\r\n\r\n\t\t\t\t\t<!-- Ordered list-->\r\n\t\t\t\t\t<ol class=\"fbc-items\" itemscope itemtype=\"https:\/\/schema.org\/BreadcrumbList\">\r\n\t\t\t\t\t\t            <li itemprop=\"itemListElement\" itemscope itemtype=\"https:\/\/schema.org\/ListItem\">\r\n                <span itemprop=\"name\">\r\n                    <!-- Home Link -->\r\n                    <a itemprop=\"item\" href=\"https:\/\/salud.quito.gob.ec\">\r\n                    \r\n                                                    <i class=\"fa fa-home\" aria-hidden=\"true\"><\/i>Home                    <\/a>\r\n                <\/span>\r\n                <meta itemprop=\"position\" content=\"1\" \/><!-- Meta Position-->\r\n             <\/li><li><span class=\"fbc-separator\">\/<\/span><\/li><li class=\"active\" itemprop=\"itemListElement\" itemscope itemtype=\"https:\/\/schema.org\/ListItem\"><span itemprop=\"name\" title=\"Filosof\u00eda Institucional\">Filosof\u00eda Institucional<\/span><meta itemprop=\"position\" content=\"2\" \/><\/li>\t\t\t\t\t<\/ol>\r\n\t\t\t\t\t<div class=\"clearfix\"><\/div>\r\n\t\t\t\t<\/div>\r\n\t\t\t<\/div>\r\n\t\t\t<\/div>\n\t\t\t\t\t\t<\/div>\n\t\t\t\t<\/div>\n\t\t\t\t\t<\/div>\n\t\t\t\t<\/div>\n\t\t<div class=\"elementor-element elementor-element-2d60bca e-flex e-con-boxed e-con e-parent\" data-id=\"2d60bca\" data-element_type=\"container\" data-e-type=\"container\">\n\t\t\t\t\t<div class=\"e-con-inner\">\n\t\t\t\t<div class=\"elementor-element elementor-element-adf89d0 elementor-widget-divider--view-line elementor-widget elementor-widget-divider\" data-id=\"adf89d0\" data-element_type=\"widget\" data-e-type=\"widget\" data-widget_type=\"divider.default\">\n\t\t\t\t<div class=\"elementor-widget-container\">\n\t\t\t\t\t\t\t<div class=\"elementor-divider\">\n\t\t\t<span class=\"elementor-divider-separator\">\n\t\t\t\t\t\t<\/span>\n\t\t<\/div>\n\t\t\t\t\t\t<\/div>\n\t\t\t\t<\/div>\n\t\t<div class=\"elementor-element elementor-element-777bd9e e-flex e-con-boxed e-con e-child\" data-id=\"777bd9e\" data-element_type=\"container\" data-e-type=\"container\">\n\t\t\t\t\t<div class=\"e-con-inner\">\n\t\t\t\t<div class=\"elementor-element elementor-element-0394c5b elementor-widget elementor-widget-heading\" data-id=\"0394c5b\" data-element_type=\"widget\" data-e-type=\"widget\" data-widget_type=\"heading.default\">\n\t\t\t\t<div class=\"elementor-widget-container\">\n\t\t\t\t\t<h5 class=\"elementor-heading-title elementor-size-default\">FILOSOF\u00cdA INSTITUCIONAL<\/h5>\t\t\t\t<\/div>\n\t\t\t\t<\/div>\n\t\t\t\t\t<\/div>\n\t\t\t\t<\/div>\n\t\t\t\t<div class=\"elementor-element elementor-element-7deae01 elementor-widget-divider--view-line elementor-widget elementor-widget-divider\" data-id=\"7deae01\" data-element_type=\"widget\" data-e-type=\"widget\" data-widget_type=\"divider.default\">\n\t\t\t\t<div class=\"elementor-widget-container\">\n\t\t\t\t\t\t\t<div class=\"elementor-divider\">\n\t\t\t<span class=\"elementor-divider-separator\">\n\t\t\t\t\t\t<\/span>\n\t\t<\/div>\n\t\t\t\t\t\t<\/div>\n\t\t\t\t<\/div>\n\t\t\t\t\t<\/div>\n\t\t\t\t<\/div>\n\t\t<div class=\"elementor-element elementor-element-439b190 e-flex e-con-boxed e-con e-parent\" data-id=\"439b190\" data-element_type=\"container\" data-e-type=\"container\">\n\t\t\t\t\t<div class=\"e-con-inner\">\n\t\t<div class=\"elementor-element elementor-element-8942618 e-con-full e-flex e-con e-child\" data-id=\"8942618\" data-element_type=\"container\" data-e-type=\"container\">\n\t\t\t\t<div class=\"elementor-element elementor-element-8e26241 elementor-widget elementor-widget-text-editor\" data-id=\"8e26241\" data-element_type=\"widget\" data-e-type=\"widget\" data-widget_type=\"text-editor.default\">\n\t\t\t\t<div class=\"elementor-widget-container\">\n\t\t\t\t\t\t\t\t\t<p style=\"text-align: center;\"><strong style=\"text-align: justify; background-color: var(--ast-global-color-5); font-size: 1rem;\">MISI\u00d3N<\/strong><\/p>\n\n<div class=\"contenedor\">\n<div class=\"justificado\">\n\nEl Municipio del Distrito Metropolitano de Quito es una entidad de gobierno aut\u00f3nomo que brinda servicios ciudadanos con calidad y eficiencia, mediante los cuales ejerce las competencias establecidas por la normativa legal vigente para la administraci\u00f3n municipal, dentro de un marco de transparencia y de participaci\u00f3n ciudadana.\n<p style=\"text-align: center;\"><strong style=\"font-style: inherit; text-align: center; background-color: var(--ast-global-color-5);\">VISI\u00d3N<\/strong><\/p>\nEn el 2033, el GAD del Distrito Metropolitano de Quito, a trav\u00e9s de un ejercicio de gobierno democr\u00e1tico y participativo, construye un territorio seguro, competitivo, resiliente, diverso y cohesionado social y econ\u00f3micamente, en el que se garantiza el ejercicio pleno de los derechos. Mediante una gobernanza responsable, transparente y eficiente, la ciudad alcanza un modelo integral de desarrollo sostenible, compacto y polic\u00e9ntrico; que genera oportunidades equitativas para una vida plena, sana, justa, productiva, libre de violencias y discriminaci\u00f3n, que permiten mejorar la calidad de vida de sus habitantes, de la naturaleza y los animales\n\n<\/div>\n<\/div>\n<style>\n        .contenedor {<br \/>            display: flex;<br \/>            justify-content: center; \/* Centra horizontalmente el contenido *\/<br \/>        }<\/p>\n<p>        .justificado {<br \/>            text-align: justify; \/* Justifica el texto *\/<br \/>            width: 100%; \/* Ocupa el 100% del contenedor *\/<br \/>            max-width: 1200px; \/* Limita el ancho m\u00e1ximo a 1200px para pantallas grandes *\/<br \/>            padding: 0 20px; \/* A\u00f1ade algo de espacio horizontal (padding) en los lados *\/<br \/>        }<br \/>    <\/style>\t\t\t\t\t\t\t\t<\/div>\n\t\t\t\t<\/div>\n\t\t\t\t<\/div>\n\t\t\t\t\t<\/div>\n\t\t\t\t<\/div>\n\t\t<div class=\"elementor-element elementor-element-59637bd e-flex e-con-boxed e-con e-parent\" data-id=\"59637bd\" data-element_type=\"container\" data-e-type=\"container\">\n\t\t\t\t\t<div class=\"e-con-inner\">\n\t\t\t\t<div class=\"elementor-element elementor-element-a516c97 eael-dt-th-align-center eael-table-align-center elementor-widget elementor-widget-eael-data-table\" data-id=\"a516c97\" data-element_type=\"widget\" data-e-type=\"widget\" data-widget_type=\"eael-data-table.default\">\n\t\t\t\t<div class=\"elementor-widget-container\">\n\t\t\t\t\t\t\t<div class=\"eael-data-table-wrap\" data-table_id=\"a516c97\" id=\"eael-data-table-wrapper-a516c97\" data-custom_responsive=\"false\">\n\t\t\t<table class=\"tablesorter eael-data-table center\" id=\"eael-data-table-a516c97\">\n\t\t\t    <thead>\n\t\t\t        <tr class=\"table-header\">\n\t\t\t\t\t\t\t\t\t            <th class=\"\" id=\"\" colspan=\"\">\n\t\t\t\t\t\t\t\t\t\t\t\t\t\t<span class=\"data-table-header-text\">Objetivos de desarrollo<\/span><\/th>\n\t\t\t        \t\t\t\t            <th class=\"\" id=\"\" colspan=\"\">\n\t\t\t\t\t\t\t\t\t\t\t\t\t\t<span class=\"data-table-header-text\">Objetivos de gesti\u00f3n<\/span><\/th>\n\t\t\t        \t\t\t\t        <\/tr>\n\t\t\t    <\/thead>\n\t\t\t  \t<tbody>\n\t\t\t\t\t\t\t\t\t\t\t<tr>\n\t\t\t\t\t\t\t\t\t\t\t\t\t\t\t\t   \t\t\t\t\t\t\t\t\t\t\t<td colspan=\"\" rowspan=\"2\" class=\"\" id=\"\">\n\t\t\t\t\t\t\t\t\t\t\t\t<div class=\"td-content-wrapper\"><div class=\"td-content\">\n\t\t\t\t\t\t\t\t\t\t\t\t\t\n\n\n    \n    \n    Texto Justificado y Centrado\n    \n        .contenedor {\n            display: flex;\n            justify-content: center; \/* Centra el bloque horizontalmente *\/\n        }\n\n        .justificado {\n            text-align: justify;\n            width: 80%; \/* Ajusta el ancho del texto justificado *\/\n        }\n    \n\n\n\n    <div class=\"contenedor\">\n        <p class=\"justificado\">\n            1.  Mejorar la calidad de vida e incrementar el bienestar de la poblaci\u00f3n, con justicia, igualdad y equidad; mediante la generaci\u00f3n de oportunidades y de fuentes de trabajo digno, la reducci\u00f3n de brechas y el combate a la exclusi\u00f3n.\n        <\/p>\n    <\/div>\n\n\n\n\n\n\n\n\n\t\t\t\t\t\t\t\t\t\t\t\t<\/div><\/div>\n\t\t\t\t\t\t\t\t\t\t\t<\/td>\n\t\t\t\t\t\t\t\t\t\t\t\t\t\t\t\t\t\t\t\t\t\t\t\t\t\t\t\t\t   \t\t\t\t\t\t\t\t\t\t\t<td colspan=\"\" rowspan=\"\" class=\"\" id=\"\">\n\t\t\t\t\t\t\t\t\t\t\t\t<div class=\"td-content-wrapper\"><div class=\"td-content\">\n\t\t\t\t\t\t\t\t\t\t\t\t\t\n\n\n    \n    \n    Texto Justificado y Centrado\n    \n        .contenedor {\n            display: flex;\n            justify-content: center; \/* Centra el bloque horizontalmente *\/\n        }\n\n        .justificado {\n            text-align: justify;\n            width: 80%; \/* Ajusta el ancho del texto justificado *\/\n        }\n    \n\n\n\n    <div class=\"contenedor\">\n        <p class=\"justificado\">\n            1.1 Promover el pleno ejercicio de derechos sociales, econ\u00f3micos y culturales en un territorio de justicia social.\n        <\/p>\n    <\/div>\n\n\n\n\n\n\n\n\n\t\t\t\t\t\t\t\t\t\t\t\t<\/div><\/div>\n\t\t\t\t\t\t\t\t\t\t\t<\/td>\n\t\t\t\t\t\t\t\t\t\t\t\t\t\t\t\t\t\t\t\t\t\t\t\t\t\t<\/tr>\n\t\t\t        \t\t\t\t\t\t<tr>\n\t\t\t\t\t\t\t\t\t\t\t\t\t\t\t\t   \t\t\t\t\t\t\t\t\t\t\t<td colspan=\"\" rowspan=\"\" class=\"\" id=\"\">\n\t\t\t\t\t\t\t\t\t\t\t\t<div class=\"td-content-wrapper\"><div class=\"td-content\">\n\t\t\t\t\t\t\t\t\t\t\t\t\t\n\n\n    \n    \n    Texto Justificado y Centrado\n    \n        .contenedor {\n            display: flex;\n            justify-content: center; \/* Centra el bloque horizontalmente *\/\n        }\n\n        .justificado {\n            text-align: justify;\n            width: 80%; \/* Ajusta el ancho del texto justificado *\/\n        }\n    \n\n\n\n    <div class=\"contenedor\">\n        <p class=\"justificado\">\n            1.2 Generar condiciones para alcanzar un sistema econ\u00f3mico din\u00e1mico, sostenible, inclusivo e innovador, que promueva las capacidades humanas y las potencialidades de los territorios, as\u00ed como la creaci\u00f3n y acceso a oportunidades, trabajo y medios de vida dignos.\n        <\/p>\n    <\/div>\n\n\n\n\n\n\n\n\n\t\t\t\t\t\t\t\t\t\t\t\t<\/div><\/div>\n\t\t\t\t\t\t\t\t\t\t\t<\/td>\n\t\t\t\t\t\t\t\t\t\t\t\t\t\t\t\t\t\t\t\t\t\t\t\t\t\t<\/tr>\n\t\t\t        \t\t\t\t\t\t<tr>\n\t\t\t\t\t\t\t\t\t\t\t\t\t\t\t\t   \t\t\t\t\t\t\t\t\t\t\t<td colspan=\"\" rowspan=\"5\" class=\"\" id=\"\">\n\t\t\t\t\t\t\t\t\t\t\t\t<div class=\"td-content-wrapper\"><div class=\"td-content\">\n\t\t\t\t\t\t\t\t\t\t\t\t\t\n\n\n    \n    \n    Texto Justificado y Centrado\n    \n        .contenedor {\n            display: flex;\n            justify-content: center; \/* Centra el bloque horizontalmente *\/\n        }\n\n        .justificado {\n            text-align: justify;\n            width: 80%; \/* Ajusta el ancho del texto justificado *\/\n        }\n    \n\n\n\n    <div class=\"contenedor\">\n        <p class=\"justificado\">\n            2. Consolidar una ciudad segura, sostenible e integrada, que cuide la vida en todas sus formas y que fortalezca la paz, el orden y la convivencia ciudadana.\n        <\/p>\n    <\/div>\n\n\n\n\n\n\n\n\n\t\t\t\t\t\t\t\t\t\t\t\t<\/div><\/div>\n\t\t\t\t\t\t\t\t\t\t\t<\/td>\n\t\t\t\t\t\t\t\t\t\t\t\t\t\t\t\t\t\t\t\t\t\t\t\t\t\t\t\t\t   \t\t\t\t\t\t\t\t\t\t\t<td colspan=\"\" rowspan=\"\" class=\"\" id=\"\">\n\t\t\t\t\t\t\t\t\t\t\t\t<div class=\"td-content-wrapper\"><div class=\"td-content\">\n\t\t\t\t\t\t\t\t\t\t\t\t\t\n\n\n    \n    \n    Texto Justificado y Centrado\n    \n        .contenedor {\n            display: flex;\n            justify-content: center; \/* Centra el bloque horizontalmente *\/\n        }\n\n        .justificado {\n            text-align: justify;\n            width: 80%; \/* Ajusta el ancho del texto justificado *\/\n        }\n    \n\n\n\n    <div class=\"contenedor\">\n        <p class=\"justificado\">\n            2.1 Coadyuvar en el restablecimiento de la paz, la seguridad y la sana convivencia ciudadana.\n        <\/p>\n    <\/div>\n\n\n\n\n\n\n\n\n\t\t\t\t\t\t\t\t\t\t\t\t<\/div><\/div>\n\t\t\t\t\t\t\t\t\t\t\t<\/td>\n\t\t\t\t\t\t\t\t\t\t\t\t\t\t\t\t\t\t\t\t\t\t\t\t\t\t<\/tr>\n\t\t\t        \t\t\t\t\t\t<tr>\n\t\t\t\t\t\t\t\t\t\t\t\t\t\t\t\t   \t\t\t\t\t\t\t\t\t\t\t<td colspan=\"\" rowspan=\"\" class=\"\" id=\"\">\n\t\t\t\t\t\t\t\t\t\t\t\t<div class=\"td-content-wrapper\"><div class=\"td-content\">\n\t\t\t\t\t\t\t\t\t\t\t\t\t\n\n\n    \n    \n    Texto Justificado y Centrado\n    \n        .contenedor {\n            display: flex;\n            justify-content: center; \/* Centra el bloque horizontalmente *\/\n        }\n\n        .justificado {\n            text-align: justify;\n            width: 80%; \/* Ajusta el ancho del texto justificado *\/\n        }\n    \n\n\n\n    <div class=\"contenedor\">\n        <p class=\"justificado\">\n            2.2 Propiciar el derecho a la ciudad y a un h\u00e1bitat saludable, con vivienda digna y espacios p\u00fablicos seguros e inclusivos; con equilibrio territorial y desarrollo urbano &#8211; rural.\n        <\/p>\n    <\/div>\n\n\n\n\n\n\n\n\n\t\t\t\t\t\t\t\t\t\t\t\t<\/div><\/div>\n\t\t\t\t\t\t\t\t\t\t\t<\/td>\n\t\t\t\t\t\t\t\t\t\t\t\t\t\t\t\t\t\t\t\t\t\t\t\t\t\t<\/tr>\n\t\t\t        \t\t\t\t\t\t<tr>\n\t\t\t\t\t\t\t\t\t\t\t\t\t\t\t\t   \t\t\t\t\t\t\t\t\t\t\t<td colspan=\"\" rowspan=\"\" class=\"\" id=\"\">\n\t\t\t\t\t\t\t\t\t\t\t\t<div class=\"td-content-wrapper\"><div class=\"td-content\">\n\t\t\t\t\t\t\t\t\t\t\t\t\t\n\n\n    \n    \n    Texto Justificado y Centrado\n    \n        .contenedor {\n            display: flex;\n            justify-content: center; \/* Centra el bloque horizontalmente *\/\n        }\n\n        .justificado {\n            text-align: justify;\n            width: 80%; \/* Ajusta el ancho del texto justificado *\/\n        }\n    \n\n\n\n    <div class=\"contenedor\">\n        <p class=\"justificado\">\n            2.3 Impulsar un sistema de movilidad sostenible y seguro, que sea accesible, inteligente, eficiente, interconectado e intermodal; que cuente con transporte p\u00fablico de calidad y que priorice a peatones y a medios de transporte alternativos.\n        <\/p>\n    <\/div>\n\n\n\n\n\n\n\n\n\t\t\t\t\t\t\t\t\t\t\t\t<\/div><\/div>\n\t\t\t\t\t\t\t\t\t\t\t<\/td>\n\t\t\t\t\t\t\t\t\t\t\t\t\t\t\t\t\t\t\t\t\t\t\t\t\t\t<\/tr>\n\t\t\t        \t\t\t\t\t\t<tr>\n\t\t\t\t\t\t\t\t\t\t\t\t\t\t\t\t   \t\t\t\t\t\t\t\t\t\t\t<td colspan=\"\" rowspan=\"\" class=\"\" id=\"\">\n\t\t\t\t\t\t\t\t\t\t\t\t<div class=\"td-content-wrapper\"><div class=\"td-content\">\n\t\t\t\t\t\t\t\t\t\t\t\t\t\n\n\n    \n    \n    Texto Justificado y Centrado\n    \n        .contenedor {\n            display: flex;\n            justify-content: center; \/* Centra el bloque horizontalmente *\/\n        }\n\n        .justificado {\n            text-align: justify;\n            width: 80%; \/* Ajusta el ancho del texto justificado *\/\n        }\n    \n\n\n\n    <div class=\"contenedor\">\n        <p class=\"justificado\">\n            2.4 Promover una ciudad sostenible, con pol\u00edticas y gesti\u00f3n de conservaci\u00f3n y restauraci\u00f3n, que de vitalidad a sus patrimonios geogr\u00e1ficos, naturales y ecosistemas biodiversos.\n        <\/p>\n    <\/div>\n\n\n\n\n\n\n\n\n\t\t\t\t\t\t\t\t\t\t\t\t<\/div><\/div>\n\t\t\t\t\t\t\t\t\t\t\t<\/td>\n\t\t\t\t\t\t\t\t\t\t\t\t\t\t\t\t\t\t\t\t\t\t\t\t\t\t<\/tr>\n\t\t\t        \t\t\t\t\t\t<tr>\n\t\t\t\t\t\t\t\t\t\t\t\t\t\t\t\t   \t\t\t\t\t\t\t\t\t\t\t<td colspan=\"\" rowspan=\"\" class=\"\" id=\"\">\n\t\t\t\t\t\t\t\t\t\t\t\t<div class=\"td-content-wrapper\"><div class=\"td-content\">\n\t\t\t\t\t\t\t\t\t\t\t\t\t\n\n\n    \n    \n    Texto Justificado y Centrado\n    \n        .contenedor {\n            display: flex;\n            justify-content: center; \/* Centra el bloque horizontalmente *\/\n        }\n\n        .justificado {\n            text-align: justify;\n            width: 80%; \/* Ajusta el ancho del texto justificado *\/\n        }\n    \n\n\n\n    <div class=\"contenedor\">\n        <p class=\"justificado\">\n            2.5 Reducir la vulnerabilidad e impulsar la resiliencia frente a eventos, desastres y riesgos naturales y clim\u00e1ticos.\n        <\/p>\n    <\/div>\n\n\n\n\n\n\n\n\n\t\t\t\t\t\t\t\t\t\t\t\t<\/div><\/div>\n\t\t\t\t\t\t\t\t\t\t\t<\/td>\n\t\t\t\t\t\t\t\t\t\t\t\t\t\t\t\t\t\t\t\t\t\t\t\t\t\t<\/tr>\n\t\t\t        \t\t\t\t\t\t<tr>\n\t\t\t\t\t\t\t\t\t\t\t\t\t\t\t\t   \t\t\t\t\t\t\t\t\t\t\t<td colspan=\"\" rowspan=\"4\" class=\"\" id=\"\">\n\t\t\t\t\t\t\t\t\t\t\t\t<div class=\"td-content-wrapper\"><div class=\"td-content\">\n\t\t\t\t\t\t\t\t\t\t\t\t\t\n\n\n    \n    \n    Texto Justificado y Centrado\n    \n        .contenedor {\n            display: flex;\n            justify-content: center; \/* Centra el bloque horizontalmente *\/\n        }\n\n        .justificado {\n            text-align: justify;\n            width: 80%; \/* Ajusta el ancho del texto justificado *\/\n        }\n    \n\n\n\n    <div class=\"contenedor\">\n        <p class=\"justificado\">\n            3. Alcanzar una gesti\u00f3n eficiente, participativa, desconcentrada y transparente; un municipio cercano a la ciudadan\u00eda.\n        <\/p>\n    <\/div>\n\n\n\n\n\n\n\n\n\t\t\t\t\t\t\t\t\t\t\t\t<\/div><\/div>\n\t\t\t\t\t\t\t\t\t\t\t<\/td>\n\t\t\t\t\t\t\t\t\t\t\t\t\t\t\t\t\t\t\t\t\t\t\t\t\t\t<\/tr>\n\t\t\t        \t\t\t\t\t\t<tr>\n\t\t\t\t\t\t\t\t\t\t\t\t\t\t\t\t   \t\t\t\t\t\t\t\t\t\t\t<td colspan=\"\" rowspan=\"\" class=\"\" id=\"\">\n\t\t\t\t\t\t\t\t\t\t\t\t<div class=\"td-content-wrapper\"><div class=\"td-content\">\n\t\t\t\t\t\t\t\t\t\t\t\t\t\n\n\n    \n    \n    Texto Justificado y Centrado\n    \n        .contenedor {\n            display: flex;\n            justify-content: center; \/* Centra el bloque horizontalmente *\/\n        }\n\n        .justificado {\n            text-align: justify;\n            width: 80%; \/* Ajusta el ancho del texto justificado *\/\n        }\n    \n\n\n\n    <div class=\"contenedor\">\n        <p class=\"justificado\">\n            3.1 Brindar servicios de calidad y atender de manera eficiente las necesidades de la poblaci\u00f3n.\n        <\/p>\n    <\/div>\n\n\n\n\n\n\n\n\n\t\t\t\t\t\t\t\t\t\t\t\t<\/div><\/div>\n\t\t\t\t\t\t\t\t\t\t\t<\/td>\n\t\t\t\t\t\t\t\t\t\t\t\t\t\t\t\t\t\t\t\t\t\t\t\t\t\t<\/tr>\n\t\t\t        \t\t\t\t\t\t<tr>\n\t\t\t\t\t\t\t\t\t\t\t\t\t\t\t\t   \t\t\t\t\t\t\t\t\t\t\t<td colspan=\"\" rowspan=\"\" class=\"\" id=\"\">\n\t\t\t\t\t\t\t\t\t\t\t\t<div class=\"td-content-wrapper\"><div class=\"td-content\">\n\t\t\t\t\t\t\t\t\t\t\t\t\t\n\n\n    \n    \n    Texto Justificado y Centrado\n    \n        .contenedor {\n            display: flex;\n            justify-content: center; \/* Centra el bloque horizontalmente *\/\n        }\n\n        .justificado {\n            text-align: justify;\n            width: 80%; \/* Ajusta el ancho del texto justificado *\/\n        }\n    \n\n\n\n    <div class=\"contenedor\">\n        <p class=\"justificado\">\n            3.2 Potenciar el rol activo, articulado y cooperativo de los actores sociales y territoriales para tomar decisiones y gestionar los conflictos.\n        <\/p>\n    <\/div>\n\n\n\n\n\n\n\n\n\t\t\t\t\t\t\t\t\t\t\t\t<\/div><\/div>\n\t\t\t\t\t\t\t\t\t\t\t<\/td>\n\t\t\t\t\t\t\t\t\t\t\t\t\t\t\t\t\t\t\t\t\t\t\t\t\t\t<\/tr>\n\t\t\t        \t\t\t\t\t\t<tr>\n\t\t\t\t\t\t\t\t\t\t\t\t\t\t\t\t   \t\t\t\t\t\t\t\t\t\t\t<td colspan=\"\" rowspan=\"\" class=\"\" id=\"\">\n\t\t\t\t\t\t\t\t\t\t\t\t<div class=\"td-content-wrapper\"><div class=\"td-content\">\n\t\t\t\t\t\t\t\t\t\t\t\t\t\n\n\n    \n    \n    Texto Justificado y Centrado\n    \n        .contenedor {\n            display: flex;\n            justify-content: center; \/* Centra el bloque horizontalmente *\/\n        }\n\n        .justificado {\n            text-align: justify;\n            width: 80%; \/* Ajusta el ancho del texto justificado *\/\n        }\n    \n\n\n\n    <div class=\"contenedor\">\n        <p class=\"justificado\">\n            3.3 Fortalecer la articulaci\u00f3n intra e interinstitucional, la gesti\u00f3n desconcentrada, transparente y colaborativa.\n        <\/p>\n    <\/div>\n\n\n\n\n\n\n\n\n\t\t\t\t\t\t\t\t\t\t\t\t<\/div><\/div>\n\t\t\t\t\t\t\t\t\t\t\t<\/td>\n\t\t\t\t\t\t\t\t\t\t\t\t\t\t\t\t\t\t\t\t\t\t\t\t\t\t<\/tr>\n\t\t\t        \t\t\t    <\/tbody>\n\t\t\t<\/table>\n\t\t<\/div>\n\t  \t\t\t\t\t<\/div>\n\t\t\t\t<\/div>\n\t\t\t\t\t<\/div>\n\t\t\t\t<\/div>\n\t\t\t\t<\/div>\n\t\t","protected":false},"excerpt":{"rendered":"<p>FILOSOF\u00cdA INSTITUCIONAL MISI\u00d3N El Municipio del Distrito Metropolitano de Quito es una entidad de gobierno aut\u00f3nomo que brinda servicios ciudadanos [&hellip;]<\/p>\n","protected":false},"author":3,"featured_media":0,"parent":0,"menu_order":0,"comment_status":"closed","ping_status":"closed","template":"","meta":{"site-sidebar-layout":"no-sidebar","site-content-layout":"","ast-site-content-layout":"full-width-container","site-content-style":"default","site-sidebar-style":"default","ast-global-header-display":"","ast-banner-title-visibility":"","ast-main-header-display":"","ast-hfb-above-header-display":"","ast-hfb-below-header-display":"","ast-hfb-mobile-header-display":"","site-post-title":"disabled","ast-breadcrumbs-content":"","ast-featured-img":"disabled","footer-sml-layout":"","theme-transparent-header-meta":"","adv-header-id-meta":"","stick-header-meta":"","header-above-stick-meta":"","header-main-stick-meta":"","header-below-stick-meta":"","astra-migrate-meta-layouts":"default","ast-page-background-enabled":"default","ast-page-background-meta":{"desktop":{"background-color":"var(--ast-global-color-4)","background-image":"","background-repeat":"repeat","background-position":"center center","background-size":"auto","background-attachment":"scroll","background-type":"","background-media":"","overlay-type":"","overlay-color":"","overlay-opacity":"","overlay-gradient":""},"tablet":{"background-color":"","background-image":"","background-repeat":"repeat","background-position":"center center","background-size":"auto","background-attachment":"scroll","background-type":"","background-media":"","overlay-type":"","overlay-color":"","overlay-opacity":"","overlay-gradient":""},"mobile":{"background-color":"","background-image":"","background-repeat":"repeat","background-position":"center center","background-size":"auto","background-attachment":"scroll","background-type":"","background-media":"","overlay-type":"","overlay-color":"","overlay-opacity":"","overlay-gradient":""}},"ast-content-background-meta":{"desktop":{"background-color":"var(--ast-global-color-5)","background-image":"","background-repeat":"repeat","background-position":"center center","background-size":"auto","background-attachment":"scroll","background-type":"","background-media":"","overlay-type":"","overlay-color":"","overlay-opacity":"","overlay-gradient":""},"tablet":{"background-color":"var(--ast-global-color-5)","background-image":"","background-repeat":"repeat","background-position":"center center","background-size":"auto","background-attachment":"scroll","background-type":"","background-media":"","overlay-type":"","overlay-color":"","overlay-opacity":"","overlay-gradient":""},"mobile":{"background-color":"var(--ast-global-color-5)","background-image":"","background-repeat":"repeat","background-position":"center center","background-size":"auto","background-attachment":"scroll","background-type":"","background-media":"","overlay-type":"","overlay-color":"","overlay-opacity":"","overlay-gradient":""}},"footnotes":""},"class_list":["post-198","page","type-page","status-publish","hentry"],"_links":{"self":[{"href":"https:\/\/salud.quito.gob.ec\/index.php?rest_route=\/wp\/v2\/pages\/198","targetHints":{"allow":["GET"]}}],"collection":[{"href":"https:\/\/salud.quito.gob.ec\/index.php?rest_route=\/wp\/v2\/pages"}],"about":[{"href":"https:\/\/salud.quito.gob.ec\/index.php?rest_route=\/wp\/v2\/types\/page"}],"author":[{"embeddable":true,"href":"https:\/\/salud.quito.gob.ec\/index.php?rest_route=\/wp\/v2\/users\/3"}],"replies":[{"embeddable":true,"href":"https:\/\/salud.quito.gob.ec\/index.php?rest_route=%2Fwp%2Fv2%2Fcomments&post=198"}],"version-history":[{"count":135,"href":"https:\/\/salud.quito.gob.ec\/index.php?rest_route=\/wp\/v2\/pages\/198\/revisions"}],"predecessor-version":[{"id":3646,"href":"https:\/\/salud.quito.gob.ec\/index.php?rest_route=\/wp\/v2\/pages\/198\/revisions\/3646"}],"wp:attachment":[{"href":"https:\/\/salud.quito.gob.ec\/index.php?rest_route=%2Fwp%2Fv2%2Fmedia&parent=198"}],"curies":[{"name":"wp","href":"https:\/\/api.w.org\/{rel}","templated":true}]}}