{"id":3379,"date":"2024-11-12T09:35:56","date_gmt":"2024-11-12T14:35:56","guid":{"rendered":"https:\/\/salud.quito.gob.ec\/?page_id=3379"},"modified":"2024-11-12T12:00:54","modified_gmt":"2024-11-12T17:00:54","slug":"rendicion-de-cuentas-secretaria-salud","status":"publish","type":"page","link":"https:\/\/salud.quito.gob.ec\/?page_id=3379","title":{"rendered":"QUITO HONESTO"},"content":{"rendered":"\t\t<div data-elementor-type=\"wp-page\" data-elementor-id=\"3379\" class=\"elementor elementor-3379\" data-elementor-post-type=\"page\">\n\t\t\t\t<div class=\"elementor-element elementor-element-78bbc89 e-flex e-con-boxed e-con e-parent\" data-id=\"78bbc89\" data-element_type=\"container\" data-e-type=\"container\">\n\t\t\t\t\t<div class=\"e-con-inner\">\n\t\t<div class=\"elementor-element elementor-element-158c940 e-flex e-con-boxed e-con e-child\" data-id=\"158c940\" data-element_type=\"container\" data-e-type=\"container\">\n\t\t\t\t\t<div class=\"e-con-inner\">\n\t\t<div class=\"elementor-element elementor-element-c066d17 e-con-full e-flex e-con e-child\" data-id=\"c066d17\" data-element_type=\"container\" data-e-type=\"container\">\n\t\t\t\t<div class=\"elementor-element elementor-element-3efb77d elementor-widget-divider--view-line elementor-widget elementor-widget-divider\" data-id=\"3efb77d\" data-element_type=\"widget\" data-e-type=\"widget\" data-widget_type=\"divider.default\">\n\t\t\t\t<div class=\"elementor-widget-container\">\n\t\t\t\t\t\t\t<div class=\"elementor-divider\">\n\t\t\t<span class=\"elementor-divider-separator\">\n\t\t\t\t\t\t<\/span>\n\t\t<\/div>\n\t\t\t\t\t\t<\/div>\n\t\t\t\t<\/div>\n\t\t\t\t<\/div>\n\t\t<div class=\"elementor-element elementor-element-bfd8c08 e-con-full e-flex e-con e-child\" data-id=\"bfd8c08\" data-element_type=\"container\" data-e-type=\"container\">\n\t\t\t\t<div class=\"elementor-element elementor-element-aa72145 elementor-widget elementor-widget-heading\" data-id=\"aa72145\" data-element_type=\"widget\" data-e-type=\"widget\" data-widget_type=\"heading.default\">\n\t\t\t\t<div class=\"elementor-widget-container\">\n\t\t\t\t\t<h1 class=\"elementor-heading-title elementor-size-default\"><h1 style=\"font-size: 20px;font-style: normal;font-family: Montserrat, sans-serif;text-align: center\">DENUNCIAS DE CORRUPCI\u00d3N <\/h1><\/h1>\t\t\t\t<\/div>\n\t\t\t\t<\/div>\n\t\t\t\t<\/div>\n\t\t<div class=\"elementor-element elementor-element-53aa6c8 e-con-full e-flex e-con e-child\" data-id=\"53aa6c8\" data-element_type=\"container\" data-e-type=\"container\">\n\t\t\t\t<div class=\"elementor-element elementor-element-e496d03 elementor-widget-divider--view-line elementor-widget elementor-widget-divider\" data-id=\"e496d03\" data-element_type=\"widget\" data-e-type=\"widget\" data-widget_type=\"divider.default\">\n\t\t\t\t<div class=\"elementor-widget-container\">\n\t\t\t\t\t\t\t<div class=\"elementor-divider\">\n\t\t\t<span class=\"elementor-divider-separator\">\n\t\t\t\t\t\t<\/span>\n\t\t<\/div>\n\t\t\t\t\t\t<\/div>\n\t\t\t\t<\/div>\n\t\t\t\t<\/div>\n\t\t\t\t\t<\/div>\n\t\t\t\t<\/div>\n\t\t\t\t\t<\/div>\n\t\t\t\t<\/div>\n\t\t<div class=\"elementor-element elementor-element-f286011 e-grid e-con-full e-con e-parent\" data-id=\"f286011\" data-element_type=\"container\" data-e-type=\"container\">\n\t\t\t\t<div class=\"elementor-element elementor-element-19eb9f6 elementor-widget elementor-widget-text-editor\" data-id=\"19eb9f6\" data-element_type=\"widget\" data-e-type=\"widget\" data-widget_type=\"text-editor.default\">\n\t\t\t\t<div class=\"elementor-widget-container\">\n\t\t\t\t\t\t\t\t\t<h1 style=\"font-size: 20px; font-style: normal; white-space-collapse: collapse; font-family: Montserrat, sans-serif; text-align: center;\">Enlace al formulario de denuncias web previsto por la Comisi\u00f3n Metropolitana de Lucha Contra la Corrupci\u00f3n \u2013 Quito Honesto:<\/h1><p style=\"text-align: center;\"><a href=\"https:\/\/quitohonesto.ec\/denuncias\/form_denuncia\" target=\"_blank\" rel=\"noopener\">https:\/\/quitohonesto.ec\/denuncias\/form_denuncia<\/a><\/p>\t\t\t\t\t\t\t\t<\/div>\n\t\t\t\t<\/div>\n\t\t\t\t<div class=\"elementor-element elementor-element-2f18dd0 elementor-widget__width-inherit elementor-widget elementor-widget-text-editor\" data-id=\"2f18dd0\" data-element_type=\"widget\" data-e-type=\"widget\" data-widget_type=\"text-editor.default\">\n\t\t\t\t<div class=\"elementor-widget-container\">\n\t\t\t\t\t\t\t\t\t<h1 style=\"font-size: 20px; font-style: normal; white-space-collapse: collapse; font-family: Montserrat, sans-serif; text-align: center;\">Correo electr\u00f3nico de denuncias de Quito Honesto:<\/h1>\n<p style=\"text-align: center;\">denuncias@quitohonesto.gob.ec<\/p>\t\t\t\t\t\t\t\t<\/div>\n\t\t\t\t<\/div>\n\t\t\t\t<div class=\"elementor-element elementor-element-4829376 elementor-widget__width-inherit elementor-widget elementor-widget-text-editor\" data-id=\"4829376\" data-element_type=\"widget\" data-e-type=\"widget\" data-widget_type=\"text-editor.default\">\n\t\t\t\t<div class=\"elementor-widget-container\">\n\t\t\t\t\t\t\t\t\t<h1 style=\"font-size: 20px; font-style: normal; white-space-collapse: collapse; font-family: Montserrat, sans-serif; text-align: center;\">Direcci\u00f3n de Quito Honesto:<\/h1>\n<p style=\"text-align: center;\">Av. Amazonas N21-252 y Jer\u00f3nimo Carri\u00f3n, edificio Londres, tercer piso.<\/p>\t\t\t\t\t\t\t\t<\/div>\n\t\t\t\t<\/div>\n\t\t<div class=\"elementor-element elementor-element-7322c29 e-grid e-con-boxed e-con e-child\" data-id=\"7322c29\" data-element_type=\"container\" data-e-type=\"container\">\n\t\t\t\t\t<div class=\"e-con-inner\">\n\t\t\t\t<div class=\"elementor-element elementor-element-8705bba elementor-widget__width-inherit elementor-widget elementor-widget-image\" data-id=\"8705bba\" data-element_type=\"widget\" data-e-type=\"widget\" data-widget_type=\"image.default\">\n\t\t\t\t<div class=\"elementor-widget-container\">\n\t\t\t\t\t\t\t\t\t\t\t\t<figure class=\"wp-caption\">\n\t\t\t\t\t\t\t\t\t\t\t<a href=\"https:\/\/play.google.com\/store\/apps\/details?id=com.quitohonesto.qh_app\" target=\"_blank\">\n\t\t\t\t\t\t\t<img decoding=\"async\" width=\"150\" height=\"150\" src=\"https:\/\/salud.quito.gob.ec\/wp-content\/uploads\/2024\/11\/2-150x150.png\" class=\"attachment-thumbnail size-thumbnail wp-image-3421\" alt=\"\" srcset=\"https:\/\/salud.quito.gob.ec\/wp-content\/uploads\/2024\/11\/2-150x150.png 150w, https:\/\/salud.quito.gob.ec\/wp-content\/uploads\/2024\/11\/2-300x300.png 300w, https:\/\/salud.quito.gob.ec\/wp-content\/uploads\/2024\/11\/2.png 500w\" sizes=\"(max-width: 150px) 100vw, 150px\" \/>\t\t\t\t\t\t\t\t<\/a>\n\t\t\t\t\t\t\t\t\t\t\t<figcaption class=\"widget-image-caption wp-caption-text\">Descarga la APP para Android<\/figcaption>\n\t\t\t\t\t\t\t\t\t\t<\/figure>\n\t\t\t\t\t\t\t\t\t<\/div>\n\t\t\t\t<\/div>\n\t\t\t\t<div class=\"elementor-element elementor-element-4a3f6ea elementor-widget__width-inherit elementor-widget elementor-widget-image\" data-id=\"4a3f6ea\" data-element_type=\"widget\" data-e-type=\"widget\" data-widget_type=\"image.default\">\n\t\t\t\t<div class=\"elementor-widget-container\">\n\t\t\t\t\t\t\t\t\t\t\t\t<figure class=\"wp-caption\">\n\t\t\t\t\t\t\t\t\t\t\t<a href=\"https:\/\/apps.apple.com\/ec\/app\/quito-honesto\/id6615061126\" target=\"_blank\">\n\t\t\t\t\t\t\t<img decoding=\"async\" width=\"150\" height=\"150\" src=\"https:\/\/salud.quito.gob.ec\/wp-content\/uploads\/2024\/11\/1-150x150.png\" class=\"attachment-thumbnail size-thumbnail wp-image-3420\" alt=\"\" srcset=\"https:\/\/salud.quito.gob.ec\/wp-content\/uploads\/2024\/11\/1-150x150.png 150w, https:\/\/salud.quito.gob.ec\/wp-content\/uploads\/2024\/11\/1-300x300.png 300w, https:\/\/salud.quito.gob.ec\/wp-content\/uploads\/2024\/11\/1.png 500w\" sizes=\"(max-width: 150px) 100vw, 150px\" \/>\t\t\t\t\t\t\t\t<\/a>\n\t\t\t\t\t\t\t\t\t\t\t<figcaption class=\"widget-image-caption wp-caption-text\">Descarga la APP para IOS<\/figcaption>\n\t\t\t\t\t\t\t\t\t\t<\/figure>\n\t\t\t\t\t\t\t\t\t<\/div>\n\t\t\t\t<\/div>\n\t\t\t\t\t<\/div>\n\t\t\t\t<\/div>\n\t\t\t\t<\/div>\n\t\t\t\t<\/div>\n\t\t","protected":false},"excerpt":{"rendered":"<p>DENUNCIAS DE CORRUPCI\u00d3N Enlace al formulario de denuncias web previsto por la Comisi\u00f3n Metropolitana de Lucha Contra la Corrupci\u00f3n \u2013 [&hellip;]<\/p>\n","protected":false},"author":3,"featured_media":0,"parent":0,"menu_order":0,"comment_status":"closed","ping_status":"open","template":"","meta":{"site-sidebar-layout":"default","site-content-layout":"","ast-site-content-layout":"default","site-content-style":"default","site-sidebar-style":"default","ast-global-header-display":"","ast-banner-title-visibility":"","ast-main-header-display":"","ast-hfb-above-header-display":"","ast-hfb-below-header-display":"","ast-hfb-mobile-header-display":"","site-post-title":"disabled","ast-breadcrumbs-content":"","ast-featured-img":"","footer-sml-layout":"","theme-transparent-header-meta":"","adv-header-id-meta":"","stick-header-meta":"","header-above-stick-meta":"","header-main-stick-meta":"","header-below-stick-meta":"","astra-migrate-meta-layouts":"default","ast-page-background-enabled":"default","ast-page-background-meta":{"desktop":{"background-color":"var(--ast-global-color-4)","background-image":"","background-repeat":"repeat","background-position":"center center","background-size":"auto","background-attachment":"scroll","background-type":"","background-media":"","overlay-type":"","overlay-color":"","overlay-opacity":"","overlay-gradient":""},"tablet":{"background-color":"","background-image":"","background-repeat":"repeat","background-position":"center center","background-size":"auto","background-attachment":"scroll","background-type":"","background-media":"","overlay-type":"","overlay-color":"","overlay-opacity":"","overlay-gradient":""},"mobile":{"background-color":"","background-image":"","background-repeat":"repeat","background-position":"center center","background-size":"auto","background-attachment":"scroll","background-type":"","background-media":"","overlay-type":"","overlay-color":"","overlay-opacity":"","overlay-gradient":""}},"ast-content-background-meta":{"desktop":{"background-color":"var(--ast-global-color-5)","background-image":"","background-repeat":"repeat","background-position":"center center","background-size":"auto","background-attachment":"scroll","background-type":"","background-media":"","overlay-type":"","overlay-color":"","overlay-opacity":"","overlay-gradient":""},"tablet":{"background-color":"var(--ast-global-color-5)","background-image":"","background-repeat":"repeat","background-position":"center center","background-size":"auto","background-attachment":"scroll","background-type":"","background-media":"","overlay-type":"","overlay-color":"","overlay-opacity":"","overlay-gradient":""},"mobile":{"background-color":"var(--ast-global-color-5)","background-image":"","background-repeat":"repeat","background-position":"center center","background-size":"auto","background-attachment":"scroll","background-type":"","background-media":"","overlay-type":"","overlay-color":"","overlay-opacity":"","overlay-gradient":""}},"footnotes":""},"class_list":["post-3379","page","type-page","status-publish","hentry"],"_links":{"self":[{"href":"https:\/\/salud.quito.gob.ec\/index.php?rest_route=\/wp\/v2\/pages\/3379","targetHints":{"allow":["GET"]}}],"collection":[{"href":"https:\/\/salud.quito.gob.ec\/index.php?rest_route=\/wp\/v2\/pages"}],"about":[{"href":"https:\/\/salud.quito.gob.ec\/index.php?rest_route=\/wp\/v2\/types\/page"}],"author":[{"embeddable":true,"href":"https:\/\/salud.quito.gob.ec\/index.php?rest_route=\/wp\/v2\/users\/3"}],"replies":[{"embeddable":true,"href":"https:\/\/salud.quito.gob.ec\/index.php?rest_route=%2Fwp%2Fv2%2Fcomments&post=3379"}],"version-history":[{"count":93,"href":"https:\/\/salud.quito.gob.ec\/index.php?rest_route=\/wp\/v2\/pages\/3379\/revisions"}],"predecessor-version":[{"id":3494,"href":"https:\/\/salud.quito.gob.ec\/index.php?rest_route=\/wp\/v2\/pages\/3379\/revisions\/3494"}],"wp:attachment":[{"href":"https:\/\/salud.quito.gob.ec\/index.php?rest_route=%2Fwp%2Fv2%2Fmedia&parent=3379"}],"curies":[{"name":"wp","href":"https:\/\/api.w.org\/{rel}","templated":true}]}}