{"id":4375,"date":"2025-02-16T13:26:24","date_gmt":"2025-02-16T18:26:24","guid":{"rendered":"https:\/\/salud.quito.gob.ec\/?page_id=4375"},"modified":"2025-07-28T17:04:15","modified_gmt":"2025-07-28T22:04:15","slug":"consejo-asesor","status":"publish","type":"page","link":"https:\/\/salud.quito.gob.ec\/?page_id=4375","title":{"rendered":"Consejo Asesor"},"content":{"rendered":"\t\t<div data-elementor-type=\"wp-page\" data-elementor-id=\"4375\" class=\"elementor elementor-4375\" data-elementor-post-type=\"page\">\n\t\t\t\t<div class=\"elementor-element elementor-element-455a1e0 e-flex e-con-boxed e-con e-parent\" data-id=\"455a1e0\" data-element_type=\"container\" data-e-type=\"container\">\n\t\t\t\t\t<div class=\"e-con-inner\">\n\t\t<div class=\"elementor-element elementor-element-95eb9f3 e-flex e-con-boxed e-con e-child\" data-id=\"95eb9f3\" data-element_type=\"container\" data-e-type=\"container\">\n\t\t\t\t\t<div class=\"e-con-inner\">\n\t\t<div class=\"elementor-element elementor-element-cfae163 e-con-full e-flex e-con e-child\" data-id=\"cfae163\" data-element_type=\"container\" data-e-type=\"container\">\n\t\t\t\t<div class=\"elementor-element elementor-element-7e9bec4 elementor-widget-divider--view-line elementor-widget elementor-widget-divider\" data-id=\"7e9bec4\" data-element_type=\"widget\" data-e-type=\"widget\" data-widget_type=\"divider.default\">\n\t\t\t\t<div class=\"elementor-widget-container\">\n\t\t\t\t\t\t\t<div class=\"elementor-divider\">\n\t\t\t<span class=\"elementor-divider-separator\">\n\t\t\t\t\t\t<\/span>\n\t\t<\/div>\n\t\t\t\t\t\t<\/div>\n\t\t\t\t<\/div>\n\t\t\t\t<\/div>\n\t\t<div class=\"elementor-element elementor-element-c09394e e-con-full e-flex e-con e-child\" data-id=\"c09394e\" data-element_type=\"container\" data-e-type=\"container\">\n\t\t\t\t<div class=\"elementor-element elementor-element-c5b70cf elementor-widget elementor-widget-heading\" data-id=\"c5b70cf\" data-element_type=\"widget\" data-e-type=\"widget\" data-widget_type=\"heading.default\">\n\t\t\t\t<div class=\"elementor-widget-container\">\n\t\t\t\t\t<h1 class=\"elementor-heading-title elementor-size-default\"><h1 style=\"font-size: 20px;font-style: normal;font-family: Montserrat, sans-serif;text-align: center\">CONSEJO ASESOR DEL PACIENTE<\/h1><\/h1>\t\t\t\t<\/div>\n\t\t\t\t<\/div>\n\t\t\t\t<\/div>\n\t\t<div class=\"elementor-element elementor-element-cf8ecb9 e-con-full e-flex e-con e-child\" data-id=\"cf8ecb9\" data-element_type=\"container\" data-e-type=\"container\">\n\t\t\t\t<div class=\"elementor-element elementor-element-150b723 elementor-widget-divider--view-line elementor-widget elementor-widget-divider\" data-id=\"150b723\" data-element_type=\"widget\" data-e-type=\"widget\" data-widget_type=\"divider.default\">\n\t\t\t\t<div class=\"elementor-widget-container\">\n\t\t\t\t\t\t\t<div class=\"elementor-divider\">\n\t\t\t<span class=\"elementor-divider-separator\">\n\t\t\t\t\t\t<\/span>\n\t\t<\/div>\n\t\t\t\t\t\t<\/div>\n\t\t\t\t<\/div>\n\t\t\t\t<\/div>\n\t\t\t\t\t<\/div>\n\t\t\t\t<\/div>\n\t\t\t\t\t<\/div>\n\t\t\t\t<\/div>\n\t\t<div class=\"elementor-element elementor-element-641e939 e-flex e-con-boxed e-con e-parent\" data-id=\"641e939\" data-element_type=\"container\" data-e-type=\"container\">\n\t\t\t\t\t<div class=\"e-con-inner\">\n\t\t\t\t<div class=\"elementor-element elementor-element-cd14a15 elementor-widget elementor-widget-text-editor\" data-id=\"cd14a15\" data-element_type=\"widget\" data-e-type=\"widget\" data-widget_type=\"text-editor.default\">\n\t\t\t\t<div class=\"elementor-widget-container\">\n\t\t\t\t\t\t\t\t\t<p>El <strong data-start=\"143\" data-end=\"174\">Consejo Asesor de Pacientes<\/strong> es un espacio de participaci\u00f3n ciudadana que busca mejorar la calidad de la atenci\u00f3n en salud, promoviendo un enfoque centrado en el paciente. A trav\u00e9s de la colaboraci\u00f3n entre pacientes, familiares, cuidadores y profesionales de la salud, se generan recomendaciones para una atenci\u00f3n m\u00e1s emp\u00e1tica, segura y eficiente.\u00a0<\/p><p>El Consejo tiene las funciones de <strong>i<\/strong><span style=\"font-style: inherit; font-weight: inherit; text-align: var(--text-align); background-color: var(--ast-global-color-5);\"><strong>dentificar oportunidades<\/strong> de mejora en la atenci\u00f3n de salud, <strong>e<\/strong><\/span><span style=\"font-style: inherit; font-weight: inherit; text-align: var(--text-align); background-color: var(--ast-global-color-5);\"><strong>laborar planes<\/strong> de trabajo alineados con estrategias de humanizaci\u00f3n y seguridad del paciente, <strong>p<\/strong><\/span><span style=\"font-style: inherit; font-weight: inherit; text-align: var(--text-align); background-color: var(--ast-global-color-5);\"><strong>romover la educaci\u00f3n y sensibilizaci\u00f3n<\/strong> sobre derechos y responsabilidades de los pacientes y <strong>c<\/strong><\/span><span style=\"font-style: inherit; font-weight: inherit; text-align: var(--text-align); background-color: var(--ast-global-color-5);\"><strong>olaborar en proyectos<\/strong> innovadores y en la mejora de espacios en los centros de salud.<\/span><span style=\"color: var(--ast-global-color-2); font-size: 1.875rem; font-weight: 600; text-align: var(--text-align); background-color: var(--ast-global-color-5);\">\u00a0<\/span><\/p>\t\t\t\t\t\t\t\t<\/div>\n\t\t\t\t<\/div>\n\t\t\t\t\t<\/div>\n\t\t\t\t<\/div>\n\t\t<div class=\"elementor-element elementor-element-00b1a4c e-flex e-con-boxed e-con e-parent\" data-id=\"00b1a4c\" data-element_type=\"container\" data-e-type=\"container\">\n\t\t\t\t\t<div class=\"e-con-inner\">\n\t\t\t\t<div class=\"elementor-element elementor-element-626834a elementor-widget elementor-widget-heading\" data-id=\"626834a\" data-element_type=\"widget\" data-e-type=\"widget\" data-widget_type=\"heading.default\">\n\t\t\t\t<div class=\"elementor-widget-container\">\n\t\t\t\t\t<h2 class=\"elementor-heading-title elementor-size-default\"><h1 style=\"font-size: 20px;font-style: normal;font-family: Montserrat, sans-serif;text-align: center\">\u00bfQUI\u00c9NES PUEDEN SER MIEMBROS?<\/h1><\/h2>\t\t\t\t<\/div>\n\t\t\t\t<\/div>\n\t\t\t\t\t<\/div>\n\t\t\t\t<\/div>\n\t\t<div class=\"elementor-element elementor-element-ccfe8de e-flex e-con-boxed e-con e-parent\" data-id=\"ccfe8de\" data-element_type=\"container\" data-e-type=\"container\">\n\t\t\t\t\t<div class=\"e-con-inner\">\n\t\t\t\t<div class=\"elementor-element elementor-element-66ada4e elementor-widget elementor-widget-text-editor\" data-id=\"66ada4e\" data-element_type=\"widget\" data-e-type=\"widget\" data-widget_type=\"text-editor.default\">\n\t\t\t\t<div class=\"elementor-widget-container\">\n\t\t\t\t\t\t\t\t\t<p><span style=\"font-size: 16px;\">Personas con experiencia como pacientes, familiares o cuidadores de la Unidad Metropolitana de Salud, que representen distintas condiciones m\u00e9dicas y grupos demogr\u00e1ficos. Deben contar con habilidades de comunicaci\u00f3n, compromiso con la comunidad y valores \u00e9ticos.<\/span><\/p>\t\t\t\t\t\t\t\t<\/div>\n\t\t\t\t<\/div>\n\t\t\t\t\t<\/div>\n\t\t\t\t<\/div>\n\t\t<div class=\"elementor-element elementor-element-0938c74 e-flex e-con-boxed e-con e-parent\" data-id=\"0938c74\" data-element_type=\"container\" data-e-type=\"container\">\n\t\t\t\t\t<div class=\"e-con-inner\">\n\t\t\t\t<div class=\"elementor-element elementor-element-321d2c3 elementor-widget elementor-widget-heading\" data-id=\"321d2c3\" data-element_type=\"widget\" data-e-type=\"widget\" data-widget_type=\"heading.default\">\n\t\t\t\t<div class=\"elementor-widget-container\">\n\t\t\t\t\t<h1 class=\"elementor-heading-title elementor-size-default\"><h1 style=\"font-size: 20px;font-style: normal;font-family: Montserrat, sans-serif;text-align: center\">\u00bfC\u00d3MO PARTICIPAR?<\/h1><\/h1>\t\t\t\t<\/div>\n\t\t\t\t<\/div>\n\t\t\t\t\t<\/div>\n\t\t\t\t<\/div>\n\t\t<div class=\"elementor-element elementor-element-e3528b7 e-grid e-con-boxed e-con e-parent\" data-id=\"e3528b7\" data-element_type=\"container\" data-e-type=\"container\">\n\t\t\t\t\t<div class=\"e-con-inner\">\n\t\t\t\t<div class=\"elementor-element elementor-element-fbf7a2f elementor-widget elementor-widget-text-editor\" data-id=\"fbf7a2f\" data-element_type=\"widget\" data-e-type=\"widget\" data-widget_type=\"text-editor.default\">\n\t\t\t\t<div class=\"elementor-widget-container\">\n\t\t\t\t\t\t\t\t\t<p>El Consejo realiza convocatorias abiertas a pacientes, familiares y cuidadores interesados en formar parte de este proceso. La selecci\u00f3n se realiza a trav\u00e9s de un proceso de evaluaci\u00f3n y entrevistas, garantizando una representaci\u00f3n diversa e inclusiva.<\/p><p>Las fechas de recepci\u00f3n de candidaturas para el a\u00f1o 2025 en cada Unidad Metropolitana de Salud son las siguientes:<\/p><p><strong>Unidad Metropolitana de Salud Sur:<\/strong> 17 de febrero al 07 de marzo<\/p><p><strong>Unidad Metropolitana de Salud Centro:<\/strong> 05 de marzo al 26 de marzo. Acceda al formulario para la Unidad CENTRO <a href=\"https:\/\/docs.google.com\/forms\/d\/e\/1FAIpQLSfGKffr2STU7N6Z94m__qbN3Jh9hBTWOXnRZHh-06Wodvvvkw\/viewform\">aqu\u00ed.<\/a><\/p><p><strong>Unidad Metropolitana de Salud Norte:<\/strong> 05 de marzo al 26 de marzo. Acceda al formulario para la Unidad NORTE <a href=\"https:\/\/docs.google.com\/forms\/d\/e\/1FAIpQLSeaugUaW6cdvu2IkHOznPlxcRc0Wnun964WvRIlTyaLArFkUA\/viewform\">aqu\u00ed.<\/a><\/p><p>Tambi\u00e9n puede solicitar el formulario en las unidades metropolitanas de salud.<\/p><p><b>\u00a0<\/b><\/p>\t\t\t\t\t\t\t\t<\/div>\n\t\t\t\t<\/div>\n\t\t\t\t<div class=\"elementor-element elementor-element-0d7a3e4 elementor-widget elementor-widget-video\" data-id=\"0d7a3e4\" data-element_type=\"widget\" data-e-type=\"widget\" data-settings=\"{&quot;youtube_url&quot;:&quot;https:\\\/\\\/youtu.be\\\/gAO8-83n4x4&quot;,&quot;video_type&quot;:&quot;youtube&quot;,&quot;controls&quot;:&quot;yes&quot;}\" data-widget_type=\"video.default\">\n\t\t\t\t<div class=\"elementor-widget-container\">\n\t\t\t\t\t\t\t<div class=\"elementor-wrapper elementor-open-inline\">\n\t\t\t<div class=\"elementor-video\"><\/div>\t\t<\/div>\n\t\t\t\t\t\t<\/div>\n\t\t\t\t<\/div>\n\t\t\t\t\t<\/div>\n\t\t\t\t<\/div>\n\t\t<div class=\"elementor-element elementor-element-df3c895 e-flex e-con-boxed e-con e-parent\" data-id=\"df3c895\" data-element_type=\"container\" data-e-type=\"container\">\n\t\t\t\t\t<div class=\"e-con-inner\">\n\t\t\t\t<div class=\"elementor-element elementor-element-7372d68 elementor-widget elementor-widget-heading\" data-id=\"7372d68\" data-element_type=\"widget\" data-e-type=\"widget\" data-widget_type=\"heading.default\">\n\t\t\t\t<div class=\"elementor-widget-container\">\n\t\t\t\t\t<h1 class=\"elementor-heading-title elementor-size-default\"><h1 style=\"font-size: 20px;font-style: normal;font-family: Montserrat, sans-serif;text-align: center\">PRINCIPIOS DEL CONSEJO<\/h1><\/h1>\t\t\t\t<\/div>\n\t\t\t\t<\/div>\n\t\t\t\t\t<\/div>\n\t\t\t\t<\/div>\n\t\t<div class=\"elementor-element elementor-element-c4e22f5 e-flex e-con-boxed e-con e-parent\" data-id=\"c4e22f5\" data-element_type=\"container\" data-e-type=\"container\">\n\t\t\t\t\t<div class=\"e-con-inner\">\n\t\t\t\t<div class=\"elementor-element elementor-element-10afe18 elementor-widget elementor-widget-text-editor\" data-id=\"10afe18\" data-element_type=\"widget\" data-e-type=\"widget\" data-widget_type=\"text-editor.default\">\n\t\t\t\t<div class=\"elementor-widget-container\">\n\t\t\t\t\t\t\t\t\t<p style=\"text-align: left;\"><strong style=\"font-size: 16px; font-style: inherit; color: var( --e-global-color-text ); text-align: var(--text-align); background-color: var(--ast-global-color-5);\">Ambiente Inclusivo:<\/strong><span style=\"font-size: 16px; font-style: inherit; color: var( --e-global-color-text ); text-align: var(--text-align); background-color: var(--ast-global-color-5);\"> Fomentar un ambiente inclusivo y diverso en todas las actividades del Consejo, asegurando que todas las voces sean escuchadas y valoradas. No se tolerar\u00e1 ninguna forma de discriminaci\u00f3n o trato despectivo.<\/span><\/p><p><strong>Participaci\u00f3n Equitativa:<\/strong> Asegurar la participaci\u00f3n equitativa de todos los miembros del Consejo en las sesiones y actividades.<\/p><p><strong>Transparencia<\/strong>: Mantener a la comunidad informada sobre las actividades y logros del Consejo a trav\u00e9s de informes regulares y\/o comunicados.<\/p>\t\t\t\t\t\t\t\t<\/div>\n\t\t\t\t<\/div>\n\t\t\t\t\t<\/div>\n\t\t\t\t<\/div>\n\t\t\t\t<\/div>\n\t\t","protected":false},"excerpt":{"rendered":"<p>CONSEJO ASESOR DEL PACIENTE El Consejo Asesor de Pacientes es un espacio de participaci\u00f3n ciudadana que busca mejorar la calidad [&hellip;]<\/p>\n","protected":false},"author":2,"featured_media":0,"parent":0,"menu_order":0,"comment_status":"closed","ping_status":"closed","template":"","meta":{"site-sidebar-layout":"no-sidebar","site-content-layout":"","ast-site-content-layout":"full-width-container","site-content-style":"default","site-sidebar-style":"default","ast-global-header-display":"","ast-banner-title-visibility":"","ast-main-header-display":"","ast-hfb-above-header-display":"","ast-hfb-below-header-display":"","ast-hfb-mobile-header-display":"","site-post-title":"disabled","ast-breadcrumbs-content":"","ast-featured-img":"disabled","footer-sml-layout":"","theme-transparent-header-meta":"","adv-header-id-meta":"","stick-header-meta":"","header-above-stick-meta":"","header-main-stick-meta":"","header-below-stick-meta":"","astra-migrate-meta-layouts":"default","ast-page-background-enabled":"default","ast-page-background-meta":{"desktop":{"background-color":"var(--ast-global-color-4)","background-image":"","background-repeat":"repeat","background-position":"center center","background-size":"auto","background-attachment":"scroll","background-type":"","background-media":"","overlay-type":"","overlay-color":"","overlay-opacity":"","overlay-gradient":""},"tablet":{"background-color":"","background-image":"","background-repeat":"repeat","background-position":"center center","background-size":"auto","background-attachment":"scroll","background-type":"","background-media":"","overlay-type":"","overlay-color":"","overlay-opacity":"","overlay-gradient":""},"mobile":{"background-color":"","background-image":"","background-repeat":"repeat","background-position":"center center","background-size":"auto","background-attachment":"scroll","background-type":"","background-media":"","overlay-type":"","overlay-color":"","overlay-opacity":"","overlay-gradient":""}},"ast-content-background-meta":{"desktop":{"background-color":"var(--ast-global-color-5)","background-image":"","background-repeat":"repeat","background-position":"center center","background-size":"auto","background-attachment":"scroll","background-type":"","background-media":"","overlay-type":"","overlay-color":"","overlay-opacity":"","overlay-gradient":""},"tablet":{"background-color":"var(--ast-global-color-5)","background-image":"","background-repeat":"repeat","background-position":"center center","background-size":"auto","background-attachment":"scroll","background-type":"","background-media":"","overlay-type":"","overlay-color":"","overlay-opacity":"","overlay-gradient":""},"mobile":{"background-color":"var(--ast-global-color-5)","background-image":"","background-repeat":"repeat","background-position":"center center","background-size":"auto","background-attachment":"scroll","background-type":"","background-media":"","overlay-type":"","overlay-color":"","overlay-opacity":"","overlay-gradient":""}},"footnotes":""},"class_list":["post-4375","page","type-page","status-publish","hentry"],"_links":{"self":[{"href":"https:\/\/salud.quito.gob.ec\/index.php?rest_route=\/wp\/v2\/pages\/4375","targetHints":{"allow":["GET"]}}],"collection":[{"href":"https:\/\/salud.quito.gob.ec\/index.php?rest_route=\/wp\/v2\/pages"}],"about":[{"href":"https:\/\/salud.quito.gob.ec\/index.php?rest_route=\/wp\/v2\/types\/page"}],"author":[{"embeddable":true,"href":"https:\/\/salud.quito.gob.ec\/index.php?rest_route=\/wp\/v2\/users\/2"}],"replies":[{"embeddable":true,"href":"https:\/\/salud.quito.gob.ec\/index.php?rest_route=%2Fwp%2Fv2%2Fcomments&post=4375"}],"version-history":[{"count":25,"href":"https:\/\/salud.quito.gob.ec\/index.php?rest_route=\/wp\/v2\/pages\/4375\/revisions"}],"predecessor-version":[{"id":7532,"href":"https:\/\/salud.quito.gob.ec\/index.php?rest_route=\/wp\/v2\/pages\/4375\/revisions\/7532"}],"wp:attachment":[{"href":"https:\/\/salud.quito.gob.ec\/index.php?rest_route=%2Fwp%2Fv2%2Fmedia&parent=4375"}],"curies":[{"name":"wp","href":"https:\/\/api.w.org\/{rel}","templated":true}]}}