{"id":8044,"date":"2025-10-14T15:53:11","date_gmt":"2025-10-14T20:53:11","guid":{"rendered":"https:\/\/salud.quito.gob.ec\/?page_id=8044"},"modified":"2026-04-14T10:29:27","modified_gmt":"2026-04-14T15:29:27","slug":"autoridad-propuesta-nueva-am","status":"publish","type":"page","link":"https:\/\/salud.quito.gob.ec\/?page_id=8044","title":{"rendered":"Autoridad &#8211; PROPUESTA NUEVA &#8211; AM"},"content":{"rendered":"\t\t<div data-elementor-type=\"wp-page\" data-elementor-id=\"8044\" class=\"elementor elementor-8044\" data-elementor-post-type=\"page\">\n\t\t\t\t<div class=\"elementor-element elementor-element-441ab654 e-flex e-con-boxed e-con e-parent\" data-id=\"441ab654\" data-element_type=\"container\" data-e-type=\"container\">\n\t\t\t\t\t<div class=\"e-con-inner\">\n\t\t\t\t<div class=\"elementor-element elementor-element-6c6b95c3 elementor-widget elementor-widget-shortcode\" data-id=\"6c6b95c3\" data-element_type=\"widget\" data-e-type=\"widget\" data-widget_type=\"shortcode.default\">\n\t\t\t\t<div class=\"elementor-widget-container\">\n\t\t\t\t\t\t\t<div class=\"elementor-shortcode\">\t\t\t<!-- Flexy Breadcrumb -->\r\n\t\t\t<div class=\"fbc fbc-page\">\r\n\r\n\t\t\t\t<!-- Breadcrumb wrapper -->\r\n\t\t\t\t<div class=\"fbc-wrap\">\r\n\r\n\t\t\t\t\t<!-- Ordered list-->\r\n\t\t\t\t\t<ol class=\"fbc-items\" itemscope itemtype=\"https:\/\/schema.org\/BreadcrumbList\">\r\n\t\t\t\t\t\t            <li itemprop=\"itemListElement\" itemscope itemtype=\"https:\/\/schema.org\/ListItem\">\r\n                <span itemprop=\"name\">\r\n                    <!-- Home Link -->\r\n                    <a itemprop=\"item\" href=\"https:\/\/salud.quito.gob.ec\">\r\n                    \r\n                                                    <i class=\"fa fa-home\" aria-hidden=\"true\"><\/i>Home                    <\/a>\r\n                <\/span>\r\n                <meta itemprop=\"position\" content=\"1\" \/><!-- Meta Position-->\r\n             <\/li><li><span class=\"fbc-separator\">\/<\/span><\/li><li class=\"active\" itemprop=\"itemListElement\" itemscope itemtype=\"https:\/\/schema.org\/ListItem\"><span itemprop=\"name\" title=\"Autoridad &#8211; PROPUESTA NUEVA &#8211; AM\">Autoridad &#8211; PROPUESTA NUEVA...<\/span><meta itemprop=\"position\" content=\"2\" \/><\/li>\t\t\t\t\t<\/ol>\r\n\t\t\t\t\t<div class=\"clearfix\"><\/div>\r\n\t\t\t\t<\/div>\r\n\t\t\t<\/div>\r\n\t\t\t<\/div>\n\t\t\t\t\t\t<\/div>\n\t\t\t\t<\/div>\n\t\t\t\t<div class=\"elementor-element elementor-element-3a9fe38 elementor-widget elementor-widget-html\" data-id=\"3a9fe38\" data-element_type=\"widget\" data-e-type=\"widget\" data-widget_type=\"html.default\">\n\t\t\t\t<div class=\"elementor-widget-container\">\n\t\t\t\t\t<div class=\"ssu-secretario\">\r\n  <style>\r\n    .ssu-secretario{\r\n      font-family: Arial, sans-serif;\r\n      max-width: 1100px;\r\n      margin: 0 auto;\r\n    }\r\n\r\n    .ssu-secretario .card{\r\n      display: flex;\r\n      align-items: stretch;\r\n      background: #ffffff;\r\n      border-radius: 18px;\r\n      overflow: hidden;\r\n      box-shadow: 0 6px 24px rgba(0,0,0,.10);\r\n    }\r\n\r\n    \/* CONTENEDOR IMAGEN *\/\r\n    .ssu-secretario .img-wrap{\r\n      display: flex;\r\n      align-items: center;      \/* centra vertical *\/\r\n      justify-content: center;  \/* centra horizontal *\/\r\n      width: 100%;\r\n      max-width: 420px;\r\n      background: #f4f6f9;\r\n    }\r\n\r\n    .ssu-secretario .img-wrap img{\r\n      width: 100%;\r\n      height: 100%;\r\n      object-fit: cover;\r\n      object-position: center;\r\n      display: block;\r\n    }\r\n\r\n    \/* INFO *\/\r\n    .ssu-secretario .info{\r\n      padding: 32px;\r\n      flex: 1;\r\n      min-width: 280px;\r\n    }\r\n\r\n    .ssu-secretario h2{\r\n      margin: 0 0 10px 0;\r\n      font-size: 26px;\r\n      font-weight: 800;\r\n      color: #0073aa;\r\n      line-height: 1.25;\r\n    }\r\n\r\n    .ssu-secretario .decor-line{\r\n      width: 60px;\r\n      height: 4px;\r\n      background: #0073aa;\r\n      border-radius: 2px;\r\n      margin-bottom: 18px;\r\n    }\r\n\r\n    .ssu-secretario .bio{\r\n      font-size: 16px;\r\n      color: #333;\r\n      line-height: 1.6;\r\n      margin-bottom: 14px;\r\n      text-align: justify;\r\n    }\r\n\r\n    .ssu-secretario ul{\r\n      margin: 6px 0 14px 20px;\r\n      padding: 0;\r\n      font-size: 16px;\r\n      line-height: 1.55;\r\n      color: #333;\r\n    }\r\n\r\n    .ssu-secretario li{\r\n      margin-bottom: 6px;\r\n    }\r\n\r\n    .ssu-secretario .label{\r\n      display: block;\r\n      margin-top: 10px;\r\n      font-weight: 800;\r\n      letter-spacing: .4px;\r\n      color: #111;\r\n    }\r\n\r\n    \/* MOBILE *\/\r\n    @media (max-width: 768px){\r\n      .ssu-secretario .card{\r\n        flex-direction: column;\r\n      }\r\n\r\n      .ssu-secretario .img-wrap{\r\n        max-width: 100%;\r\n        height: auto;\r\n      }\r\n\r\n      .ssu-secretario .img-wrap img{\r\n        aspect-ratio: 16 \/ 10;\r\n      }\r\n\r\n      .ssu-secretario .info{\r\n        padding: 22px;\r\n      }\r\n\r\n      .ssu-secretario h2{\r\n        text-align: center;\r\n      }\r\n\r\n      .ssu-secretario .decor-line{\r\n        margin-left: auto;\r\n        margin-right: auto;\r\n      }\r\n\r\n      .ssu-secretario .bio{\r\n        text-align: left;\r\n      }\r\n    }\r\n  <\/style>\r\n\r\n  <div class=\"card\">\r\n    <div class=\"img-wrap\">\r\n      <img decoding=\"async\"\r\n        src=\"https:\/\/salud.quito.gob.ec\/wp-content\/uploads\/2026\/01\/WhatsApp-Image-2026-01-12-at-08.06.18.jpeg\"\r\n        alt=\"Secretario de Salud\"\r\n        loading=\"lazy\"\r\n      >\r\n    <\/div>\r\n\r\n    <div class=\"info\">\r\n      <h2>DR. CARLOS CARVAJAL<br>SECRETARIO DE SALUD<\/h2>\r\n      <div class=\"decor-line\"><\/div>\r\n\r\n      <p class=\"bio\">\r\n        M\u00e9dico salubrista con una s\u00f3lida trayectoria en la gesti\u00f3n p\u00fablica y la direcci\u00f3n sanitaria.\r\n        Su formaci\u00f3n acad\u00e9mica y experiencia profesional evidencian un perfil altamente especializado\r\n        en la conducci\u00f3n estrat\u00e9gica de sistemas de salud, con \u00e9nfasis en promoci\u00f3n, prevenci\u00f3n,\r\n        salud ocupacional y fortalecimiento institucional.\r\n      <\/p>\r\n\r\n      <ul>\r\n        <li>Doctor en Ciencias de la Salud en el Trabajo por la Universidad de Guadalajara (M\u00e9xico)<\/li>\r\n        <li>Maestr\u00edas en Gerencia en Administraci\u00f3n de Salud, Ergonom\u00eda y Seguridad y Salud Ocupacional<\/li>\r\n        <li>Doctor en Medicina y Cirug\u00eda por la Universidad Central del Ecuador<\/li>\r\n      <\/ul>\r\n\r\n      <span class=\"label\">CARGOS P\u00daBLICOS<\/span>\r\n      <ul>\r\n        <li>Director de la Unidad Metropolitana de Salud Centro del Distrito Metropolitano de Quito<\/li>\r\n        <li>Director Nacional de Ambiente y Salud<\/li>\r\n        <li>Subsecretario Nacional de Promoci\u00f3n de la Salud e Igualdad en el Ministerio de Salud P\u00fablica<\/li>\r\n        <li>Asesor de despacho en el Ministerio de Educaci\u00f3n<\/li>\r\n        <li>M\u00e9dico ocupacional en el Hospital Carlos Andrade Mar\u00edn<\/li>\r\n      <\/ul>\r\n    <\/div>\r\n  <\/div>\r\n<\/div>\r\n\t\t\t\t<\/div>\n\t\t\t\t<\/div>\n\t\t\t\t\t<\/div>\n\t\t\t\t<\/div>\n\t\t<div class=\"elementor-element elementor-element-a358ca2 e-flex e-con-boxed e-con e-parent\" data-id=\"a358ca2\" data-element_type=\"container\" data-e-type=\"container\">\n\t\t\t\t\t<div class=\"e-con-inner\">\n\t\t<div class=\"elementor-element elementor-element-e107c1d e-flex e-con-boxed e-con e-child\" data-id=\"e107c1d\" data-element_type=\"container\" data-e-type=\"container\">\n\t\t\t\t\t<div class=\"e-con-inner\">\n\t\t\t\t<div class=\"elementor-element elementor-element-7b66c1c elementor-widget-divider--view-line elementor-widget elementor-widget-divider\" data-id=\"7b66c1c\" data-element_type=\"widget\" data-e-type=\"widget\" data-widget_type=\"divider.default\">\n\t\t\t\t<div class=\"elementor-widget-container\">\n\t\t\t\t\t\t\t<div class=\"elementor-divider\">\n\t\t\t<span class=\"elementor-divider-separator\">\n\t\t\t\t\t\t<\/span>\n\t\t<\/div>\n\t\t\t\t\t\t<\/div>\n\t\t\t\t<\/div>\n\t\t<div class=\"elementor-element elementor-element-9f32280 e-flex e-con-boxed e-con e-child\" data-id=\"9f32280\" data-element_type=\"container\" data-e-type=\"container\">\n\t\t\t\t\t<div class=\"e-con-inner\">\n\t\t\t\t<div class=\"elementor-element elementor-element-c889c25 elementor-widget elementor-widget-heading\" data-id=\"c889c25\" data-element_type=\"widget\" data-e-type=\"widget\" data-widget_type=\"heading.default\">\n\t\t\t\t<div class=\"elementor-widget-container\">\n\t\t\t\t\t<h5 class=\"elementor-heading-title elementor-size-default\">EQUIPO DE TRABAJO<\/h5>\t\t\t\t<\/div>\n\t\t\t\t<\/div>\n\t\t\t\t\t<\/div>\n\t\t\t\t<\/div>\n\t\t\t\t<div class=\"elementor-element elementor-element-65c7aa6 elementor-widget-divider--view-line elementor-widget elementor-widget-divider\" data-id=\"65c7aa6\" data-element_type=\"widget\" data-e-type=\"widget\" data-widget_type=\"divider.default\">\n\t\t\t\t<div class=\"elementor-widget-container\">\n\t\t\t\t\t\t\t<div class=\"elementor-divider\">\n\t\t\t<span class=\"elementor-divider-separator\">\n\t\t\t\t\t\t<\/span>\n\t\t<\/div>\n\t\t\t\t\t\t<\/div>\n\t\t\t\t<\/div>\n\t\t\t\t\t<\/div>\n\t\t\t\t<\/div>\n\t\t\t\t\t<\/div>\n\t\t\t\t<\/div>\n\t\t<div class=\"elementor-element elementor-element-9ffb336 e-flex e-con-boxed e-con e-parent\" data-id=\"9ffb336\" data-element_type=\"container\" data-e-type=\"container\">\n\t\t\t\t\t<div class=\"e-con-inner\">\n\t\t<div class=\"elementor-element elementor-element-8f5e35c e-con-full e-flex e-con e-child\" data-id=\"8f5e35c\" data-element_type=\"container\" data-e-type=\"container\">\n\t\t\t\t<div class=\"elementor-element elementor-element-4ad07cb elementor-widget elementor-widget-html\" data-id=\"4ad07cb\" data-element_type=\"widget\" data-e-type=\"widget\" data-widget_type=\"html.default\">\n\t\t\t\t<div class=\"elementor-widget-container\">\n\t\t\t\t\t<div class=\"ssu-orgchart\">\r\n  <style>\r\n    \/* Contenedor (encapsulado para que NO choque con el tema) *\/\r\n    .ssu-orgchart{\r\n      font-family: Arial, sans-serif;\r\n      max-width: 1100px;\r\n      margin: 0 auto;\r\n    }\r\n\r\n    \/* Tabla *\/\r\n    .ssu-orgchart .org-table{\r\n      width: 100%;\r\n      border-collapse: separate;\r\n      border-spacing: 0;\r\n      background: #fff;\r\n      border: 2px solid #d3a9ff;\r\n      border-radius: 12px;\r\n      overflow: hidden; \/* aqu\u00ed ya no causa salto porque NO usamos collapse *\/\r\n      box-shadow: 0 10px 22px rgba(0,0,0,.08);\r\n    }\r\n\r\n    .ssu-orgchart .org-table td{\r\n      padding: 12px 16px;\r\n      border-bottom: 1px solid #eee;\r\n      vertical-align: middle;\r\n    }\r\n\r\n    .ssu-orgchart .org-table tr:nth-child(even):not(.titulo-seccion){\r\n      background: #f9f9f9;\r\n    }\r\n\r\n    .ssu-orgchart .cargo{\r\n      font-weight: 700;\r\n      text-transform: uppercase;\r\n      width: 55%;\r\n    }\r\n\r\n    .ssu-orgchart .nombre{\r\n      text-align: right;\r\n      width: 45%;\r\n    }\r\n\r\n    .ssu-orgchart .titulo-seccion td{\r\n      background: #e6dcfa;\r\n      color: #3d3b8e;\r\n      font-weight: 800;\r\n      text-transform: uppercase;\r\n      letter-spacing: .3px;\r\n      border-bottom: 1px solid #d8c9ff;\r\n    }\r\n\r\n    \/* ===== MOBILE: convertir tabla a tarjetas ===== *\/\r\n    @media (max-width: 768px){\r\n      .ssu-orgchart .org-table{\r\n        border: none;\r\n        border-radius: 0;\r\n        background: transparent;\r\n        box-shadow: none;\r\n      }\r\n\r\n      .ssu-orgchart .org-table,\r\n      .ssu-orgchart .org-table tbody,\r\n      .ssu-orgchart .org-table tr,\r\n      .ssu-orgchart .org-table td{\r\n        display: block;\r\n        width: 100%;\r\n      }\r\n\r\n      .ssu-orgchart .org-table tr{\r\n        margin: 0 0 12px 0;\r\n      }\r\n\r\n      \/* T\u00edtulo de secci\u00f3n como \u201ccabecera\u201d de bloque *\/\r\n      .ssu-orgchart .titulo-seccion td{\r\n        border: 2px solid #d3a9ff;\r\n        border-radius: 12px;\r\n        padding: 12px 14px;\r\n        margin-bottom: 8px;\r\n      }\r\n\r\n      \/* Cada fila normal en tarjeta *\/\r\n      .ssu-orgchart .org-table tr:not(.titulo-seccion) td{\r\n        border: 2px solid #eee;\r\n        border-radius: 12px;\r\n        background: #fff;\r\n        box-shadow: 0 8px 18px rgba(0,0,0,.06);\r\n      }\r\n\r\n      .ssu-orgchart .cargo{\r\n        width: 100%;\r\n        font-size: 14px;\r\n        line-height: 1.25;\r\n        margin-bottom: 6px;\r\n      }\r\n\r\n      .ssu-orgchart .nombre{\r\n        width: 100%;\r\n        text-align: left;\r\n        font-weight: 600;\r\n        color: #3d3b8e;\r\n        padding-top: 0;\r\n      }\r\n\r\n      \/* Mejor separaci\u00f3n interna en tarjeta *\/\r\n      .ssu-orgchart .org-table tr:not(.titulo-seccion) td{\r\n        padding: 12px 14px;\r\n      }\r\n\r\n      \/* Evitar el borde-bottom original en modo bloque *\/\r\n      .ssu-orgchart .org-table td{\r\n        border-bottom: none;\r\n      }\r\n    }\r\n  <\/style>\r\n\r\n  <table class=\"org-table\" role=\"table\" aria-label=\"Cuadro Jer\u00e1rquico\">\r\n    <tbody>\r\n      <!-- UNIDADES METROPOLITANAS DE SALUD -->\r\n      <tr class=\"titulo-seccion\"><td colspan=\"2\">Unidades Metropolitanas de Salud<\/td><\/tr>\r\n      <tr>\r\n        <td class=\"cargo\">Directora Metropolitano de Salud Norte<\/td>\r\n        <td class=\"nombre\">Cecilia del Roc\u00edo Tamayo Jaramillo<\/td>\r\n      <\/tr>\r\n      <tr>\r\n        <td class=\"cargo\">Director Metropolitano de Salud Centro<\/td>\r\n        <td class=\"nombre\">Favio Alejandro Vargas Moreno<\/td>\r\n      <\/tr>\r\n      <tr>\r\n        <td class=\"cargo\">Directora Metropolitano de Salud Sur<\/td>\r\n        <td class=\"nombre\">Yessenia Ang\u00e9lica S\u00e1nchez Carranza<\/td>\r\n      <\/tr>\r\n\r\n      <!-- UNIDAD DE BIENESTAR ANIMAL -->\r\n      <tr class=\"titulo-seccion\"><td colspan=\"2\">Unidad de Bienestar Animal<\/td><\/tr>\r\n      <tr>\r\n        <td class=\"cargo\">Director Ejecutivo<\/td>\r\n        <td class=\"nombre\">Jose Paredes Coral<\/td>\r\n      <\/tr>\r\n\r\n      <!-- DIRECCIONES METROPOLITANAS -->\r\n      <tr class=\"titulo-seccion\"><td colspan=\"2\">Direcciones Metropolitanas de Salud<\/td><\/tr>\r\n      <tr>\r\n        <td class=\"cargo\">Directora Metropolitana de Pol\u00edticas y Vigilancia de la Salud<\/td>\r\n        <td class=\"nombre\">Inti Kory Quevedo Bastidas<\/td>\r\n      <\/tr>\r\n      <tr>\r\n        <td class=\"cargo\">Director Metropolitano de Gesti\u00f3n de Servicios de la Salud<\/td>\r\n        <td class=\"nombre\">Juan Pablo Velasco Moncayo<\/td>\r\n      <\/tr>\r\n      <tr>\r\n        <td class=\"cargo\">Direcci\u00f3n Metropolitana de Promoci\u00f3n y Prevenci\u00f3n de la Salud (e)<\/td>\r\n        <td class=\"nombre\">Mercedes del Pilar Allauca Tierra<\/td>\r\n      <\/tr>\r\n\r\n      <!-- COORDINACIONES -->\r\n      <tr class=\"titulo-seccion\"><td colspan=\"2\">Coordinaciones<\/td><\/tr>\r\n      <tr>\r\n        <td class=\"cargo\">Coordinadora Administrativa Financiera<\/td>\r\n        <td class=\"nombre\">Rosa Elba Ayovi Hern\u00e1ndez<\/td>\r\n      <\/tr>\r\n      <tr>\r\n        <td class=\"cargo\">Coordinador de Planificaci\u00f3n<\/td>\r\n        <td class=\"nombre\">Roberto Barrionuevo Villagomez<\/td>\r\n      <\/tr>\r\n      <tr>\r\n        <td class=\"cargo\">Coordinadora de Comunicaci\u00f3n<\/td>\r\n        <td class=\"nombre\">Priscila Salazar Dalgo<\/td>\r\n      <\/tr>\r\n      <tr>\r\n        <td class=\"cargo\">Coordinadora de Asesor\u00eda Jur\u00eddica<\/td>\r\n        <td class=\"nombre\">Angelita Andrea Suarez Pacheco<\/td>\r\n      <\/tr>\r\n    <\/tbody>\r\n  <\/table>\r\n<\/div>\r\n\t\t\t\t<\/div>\n\t\t\t\t<\/div>\n\t\t\t\t<\/div>\n\t\t<div class=\"elementor-element elementor-element-7db0ff7 e-flex e-con-boxed e-con e-child\" data-id=\"7db0ff7\" data-element_type=\"container\" data-e-type=\"container\">\n\t\t\t\t\t<div class=\"e-con-inner\">\n\t\t<div class=\"elementor-element elementor-element-dcdbfbd e-flex e-con-boxed e-con e-child\" data-id=\"dcdbfbd\" data-element_type=\"container\" data-e-type=\"container\">\n\t\t\t\t\t<div class=\"e-con-inner\">\n\t\t\t\t<div class=\"elementor-element elementor-element-0c35d55 elementor-widget-divider--view-line elementor-widget elementor-widget-divider\" data-id=\"0c35d55\" data-element_type=\"widget\" data-e-type=\"widget\" data-widget_type=\"divider.default\">\n\t\t\t\t<div class=\"elementor-widget-container\">\n\t\t\t\t\t\t\t<div class=\"elementor-divider\">\n\t\t\t<span class=\"elementor-divider-separator\">\n\t\t\t\t\t\t<\/span>\n\t\t<\/div>\n\t\t\t\t\t\t<\/div>\n\t\t\t\t<\/div>\n\t\t<div class=\"elementor-element elementor-element-a4fb60e e-flex e-con-boxed e-con e-child\" data-id=\"a4fb60e\" data-element_type=\"container\" data-e-type=\"container\">\n\t\t\t\t\t<div class=\"e-con-inner\">\n\t\t\t\t<div class=\"elementor-element elementor-element-747f55b elementor-widget elementor-widget-heading\" data-id=\"747f55b\" data-element_type=\"widget\" data-e-type=\"widget\" data-widget_type=\"heading.default\">\n\t\t\t\t<div class=\"elementor-widget-container\">\n\t\t\t\t\t<h5 class=\"elementor-heading-title elementor-size-default\">INFORME DE GESTI\u00d3N<\/h5>\t\t\t\t<\/div>\n\t\t\t\t<\/div>\n\t\t\t\t\t<\/div>\n\t\t\t\t<\/div>\n\t\t\t\t<div class=\"elementor-element elementor-element-e91a667 elementor-widget-divider--view-line elementor-widget elementor-widget-divider\" data-id=\"e91a667\" data-element_type=\"widget\" data-e-type=\"widget\" data-widget_type=\"divider.default\">\n\t\t\t\t<div class=\"elementor-widget-container\">\n\t\t\t\t\t\t\t<div class=\"elementor-divider\">\n\t\t\t<span class=\"elementor-divider-separator\">\n\t\t\t\t\t\t<\/span>\n\t\t<\/div>\n\t\t\t\t\t\t<\/div>\n\t\t\t\t<\/div>\n\t\t\t\t\t<\/div>\n\t\t\t\t<\/div>\n\t\t\t\t\t<\/div>\n\t\t\t\t<\/div>\n\t\t\t\t\t<\/div>\n\t\t\t\t<\/div>\n\t\t<div class=\"elementor-element elementor-element-399a292 e-flex e-con-boxed e-con e-parent\" data-id=\"399a292\" data-element_type=\"container\" data-e-type=\"container\">\n\t\t\t\t\t<div class=\"e-con-inner\">\n\t\t\t\t<div class=\"elementor-element elementor-element-6c13e33 elementor-widget elementor-widget-text-editor\" data-id=\"6c13e33\" data-element_type=\"widget\" data-e-type=\"widget\" data-widget_type=\"text-editor.default\">\n\t\t\t\t<div class=\"elementor-widget-container\">\n\t\t\t\t\t\t\t\t\t<h4 style=\"text-align: center;\"><a href=\"https:\/\/gobiernoabierto.quito.gob.ec\/informes-gestion\/\" target=\"_blank\" rel=\"noopener\">https:\/\/gobiernoabierto.quito.gob.ec\/informes-gestion\/<\/a><\/h4>\t\t\t\t\t\t\t\t<\/div>\n\t\t\t\t<\/div>\n\t\t\t\t\t<\/div>\n\t\t\t\t<\/div>\n\t\t\t\t<\/div>\n\t\t","protected":false},"excerpt":{"rendered":"<p>DR. CARLOS CARVAJALSECRETARIO DE SALUD M\u00e9dico salubrista con una s\u00f3lida trayectoria en la gesti\u00f3n p\u00fablica y la direcci\u00f3n sanitaria. Su [&hellip;]<\/p>\n","protected":false},"author":5,"featured_media":0,"parent":0,"menu_order":0,"comment_status":"closed","ping_status":"closed","template":"","meta":{"site-sidebar-layout":"no-sidebar","site-content-layout":"","ast-site-content-layout":"full-width-container","site-content-style":"default","site-sidebar-style":"default","ast-global-header-display":"","ast-banner-title-visibility":"","ast-main-header-display":"","ast-hfb-above-header-display":"","ast-hfb-below-header-display":"","ast-hfb-mobile-header-display":"","site-post-title":"disabled","ast-breadcrumbs-content":"","ast-featured-img":"disabled","footer-sml-layout":"","theme-transparent-header-meta":"","adv-header-id-meta":"","stick-header-meta":"","header-above-stick-meta":"","header-main-stick-meta":"","header-below-stick-meta":"","astra-migrate-meta-layouts":"default","ast-page-background-enabled":"default","ast-page-background-meta":{"desktop":{"background-color":"var(--ast-global-color-4)","background-image":"","background-repeat":"repeat","background-position":"center center","background-size":"auto","background-attachment":"scroll","background-type":"","background-media":"","overlay-type":"","overlay-color":"","overlay-opacity":"","overlay-gradient":""},"tablet":{"background-color":"","background-image":"","background-repeat":"repeat","background-position":"center center","background-size":"auto","background-attachment":"scroll","background-type":"","background-media":"","overlay-type":"","overlay-color":"","overlay-opacity":"","overlay-gradient":""},"mobile":{"background-color":"","background-image":"","background-repeat":"repeat","background-position":"center center","background-size":"auto","background-attachment":"scroll","background-type":"","background-media":"","overlay-type":"","overlay-color":"","overlay-opacity":"","overlay-gradient":""}},"ast-content-background-meta":{"desktop":{"background-color":"var(--ast-global-color-5)","background-image":"","background-repeat":"repeat","background-position":"center center","background-size":"auto","background-attachment":"scroll","background-type":"","background-media":"","overlay-type":"","overlay-color":"","overlay-opacity":"","overlay-gradient":""},"tablet":{"background-color":"var(--ast-global-color-5)","background-image":"","background-repeat":"repeat","background-position":"center center","background-size":"auto","background-attachment":"scroll","background-type":"","background-media":"","overlay-type":"","overlay-color":"","overlay-opacity":"","overlay-gradient":""},"mobile":{"background-color":"var(--ast-global-color-5)","background-image":"","background-repeat":"repeat","background-position":"center center","background-size":"auto","background-attachment":"scroll","background-type":"","background-media":"","overlay-type":"","overlay-color":"","overlay-opacity":"","overlay-gradient":""}},"footnotes":""},"class_list":["post-8044","page","type-page","status-publish","hentry"],"_links":{"self":[{"href":"https:\/\/salud.quito.gob.ec\/index.php?rest_route=\/wp\/v2\/pages\/8044","targetHints":{"allow":["GET"]}}],"collection":[{"href":"https:\/\/salud.quito.gob.ec\/index.php?rest_route=\/wp\/v2\/pages"}],"about":[{"href":"https:\/\/salud.quito.gob.ec\/index.php?rest_route=\/wp\/v2\/types\/page"}],"author":[{"embeddable":true,"href":"https:\/\/salud.quito.gob.ec\/index.php?rest_route=\/wp\/v2\/users\/5"}],"replies":[{"embeddable":true,"href":"https:\/\/salud.quito.gob.ec\/index.php?rest_route=%2Fwp%2Fv2%2Fcomments&post=8044"}],"version-history":[{"count":37,"href":"https:\/\/salud.quito.gob.ec\/index.php?rest_route=\/wp\/v2\/pages\/8044\/revisions"}],"predecessor-version":[{"id":10022,"href":"https:\/\/salud.quito.gob.ec\/index.php?rest_route=\/wp\/v2\/pages\/8044\/revisions\/10022"}],"wp:attachment":[{"href":"https:\/\/salud.quito.gob.ec\/index.php?rest_route=%2Fwp%2Fv2%2Fmedia&parent=8044"}],"curies":[{"name":"wp","href":"https:\/\/api.w.org\/{rel}","templated":true}]}}